{"id":1462,"date":"2022-04-12T13:56:26","date_gmt":"2022-04-12T11:56:26","guid":{"rendered":"https:\/\/meremuuseum.100kingitust.ee\/?page_id=1462"},"modified":"2025-01-24T19:08:25","modified_gmt":"2025-01-24T14:08:25","slug":"huvitav-teada","status":"publish","type":"page","link":"https:\/\/2025laulupidu.100kingitust.ee\/en\/huvitav-teada\/","title":{"rendered":"Interesting to know"},"content":{"rendered":"<main class=\"wp-block-group blog-list\"><div class=\"wp-block-group__inner-container is-layout-flow wp-block-group-is-layout-flow\"><section class=\"wp-block-group\"><div class=\"wp-block-group__inner-container is-layout-flow wp-block-group-is-layout-flow\"><p><\/p>\n\n<h2 class=\"wp-block-heading has-text-align-center\" id=\"h-welcome-to-the-13th-youth-song-dance-celebration-giftshop\" style=\"font-size:30px;text-transform:uppercase\"><strong>WELCOME TO THE The XXVIII Song and XXI Dance Celebration \u201cIseoma\u201d<\/strong> <strong> GIFTSHOP!<\/strong><\/h2>\n\n<p><\/p>\n\n<div class=\"wp-block-columns is-layout-flex wp-container-core-columns-is-layout-9d6595d7 wp-block-columns-is-layout-flex\"><div class=\"wp-block-column is-layout-flow wp-block-column-is-layout-flow\"><div class=\"wp-block-image\"><figure class=\"aligncenter size-full is-resized\"><img loading=\"lazy\" decoding=\"async\" width=\"771\" height=\"1003\" src=\"https:\/\/2023laulupidu.100kingitust.ee\/wp-content\/uploads\/2022\/09\/IMG-20220920-WA0001.jpg\" alt=\"\" class=\"wp-image-4571\" style=\"width:441px;height:573px\" srcset=\"https:\/\/2025laulupidu.100kingitust.ee\/wp-content\/uploads\/2022\/09\/IMG-20220920-WA0001.jpg 771w, https:\/\/2025laulupidu.100kingitust.ee\/wp-content\/uploads\/2022\/09\/IMG-20220920-WA0001-600x781.jpg 600w, https:\/\/2025laulupidu.100kingitust.ee\/wp-content\/uploads\/2022\/09\/IMG-20220920-WA0001-232x302.jpg 232w, https:\/\/2025laulupidu.100kingitust.ee\/wp-content\/uploads\/2022\/09\/IMG-20220920-WA0001-615x800.jpg 615w, https:\/\/2025laulupidu.100kingitust.ee\/wp-content\/uploads\/2022\/09\/IMG-20220920-WA0001-109x142.jpg 109w\" sizes=\"auto, (max-width: 771px) 100vw, 771px\" \/><\/figure><\/div><\/div>\n\n<div class=\"wp-block-column is-vertically-aligned-center is-layout-flow wp-block-column-is-layout-flow\"><p class=\"has-medium-font-size\">Here you can find all the souvenirs and great gifts that you can buy for yourself and give to your loved ones before the Song and Dance Celebration! The web-shop is open 24\/7! <\/p>\n\n<div style=\"height:10px\" aria-hidden=\"true\" class=\"wp-block-spacer\"><\/div>\n\n<p class=\"has-medium-font-size\"><strong>WOULD YOU LIKE TO PLACE AN ORDER VIA EMAIL OR TELEPHONE? Do this: Send your order to <a href=\"mailto:info@100kingitust.ee\">info@100kingitust.ee<\/a>. Add your contact details, to whom you want the invoice and to which parcel machine you want to receive your order. If you have any further questions, you can also call us Mon-Fri 9-17 at +372 555 10 994<\/strong><\/p>\n\n<div style=\"height:10px\" aria-hidden=\"true\" class=\"wp-block-spacer\"><\/div>\n\n<p class=\"has-medium-font-size\">We post all orders to parcel machines. For free shipping, select the nearest Sokisahtel store, Lennusadam gift store or Paks Margareeta gift store as the pick-up location when placing your order.<\/p>\n\n<div style=\"height:10px\" aria-hidden=\"true\" class=\"wp-block-spacer\"><\/div>\n\n<p class=\"has-medium-font-size\">Do you live abroad or do you want to send souvenirs of a Song and Dance Celebration abroad to your relatives? We ship orders worldwide, so we can party all together!<\/p><\/div><\/div><\/div><\/section><\/div><\/main>","protected":false},"excerpt":{"rendered":"WELCOME TO THE The XXVIII Song and XXI Dance Celebration \u201cIseoma\u201d GIFTSHOP! Here you can find all the souvenirs and great gifts that you can buy for yourself and give to your loved ones before the Song and Dance Celebration! The web-shop is open 24\/7! WOULD YOU LIKE TO PLACE AN ORDER VIA EMAIL OR [&hellip;]","protected":false},"author":3,"featured_media":0,"parent":0,"menu_order":0,"comment_status":"closed","ping_status":"closed","template":"","meta":{"_acf_changed":false,"footnotes":""},"class_list":["post-1462","page","type-page","status-publish","hentry"],"acf":[],"yoast_head":"<!-- This site is optimized with the Yoast SEO Premium plugin v20.9 (Yoast SEO v26.0) - https:\/\/yoast.com\/wordpress\/plugins\/seo\/ -->\n<title>Interesting to know | Song and Dance Celebration e-shop<\/title>\n<meta name=\"description\" content=\"Welcome to the official ISEOMA souvenir shop for the XXVIII Song and Dance Celebration! Discover festival T-shirts, raincoats, water bottles, bags, and souvenirs to celebrate and keep the memories alive.\" \/>\n<meta name=\"robots\" content=\"index, follow, max-snippet:-1, max-image-preview:large, max-video-preview:-1\" \/>\n<link rel=\"canonical\" href=\"https:\/\/2025laulupidu.100kingitust.ee\/en\/huvitav-teada\/\" \/>\n<meta property=\"og:locale\" content=\"en_US\" \/>\n<meta property=\"og:type\" content=\"article\" \/>\n<meta property=\"og:title\" content=\"Interesting to know | Song and Dance Celebration e-shop\" \/>\n<meta property=\"og:description\" content=\"Noorte Laulu- ja Tantsupeo meenepoest leiad peo s\u00e4rgid, pusad, meened, m\u00e4rgid! Saadame \u00fcle maailma!\" \/>\n<meta property=\"og:url\" content=\"https:\/\/2025laulupidu.100kingitust.ee\/en\/huvitav-teada\/\" \/>\n<meta property=\"og:site_name\" content=\"Song and Dance Celebration e-shop\" \/>\n<meta property=\"article:publisher\" content=\"https:\/\/www.facebook.com\/100kingitust\" \/>\n<meta property=\"article:modified_time\" content=\"2025-01-24T14:08:25+00:00\" \/>\n<meta property=\"og:image\" content=\"https:\/\/2025laulupidu.100kingitust.ee\/wp-content\/uploads\/2022\/09\/IMG-20220920-WA0001.jpg\" \/>\n\t<meta property=\"og:image:width\" content=\"771\" \/>\n\t<meta property=\"og:image:height\" content=\"1003\" \/>\n\t<meta property=\"og:image:type\" content=\"image\/jpeg\" \/>\n<meta name=\"twitter:card\" content=\"summary_large_image\" \/>\n<meta name=\"twitter:label1\" content=\"Est. reading time\" \/>\n\t<meta name=\"twitter:data1\" content=\"2 minutes\" \/>\n<script type=\"application\/ld+json\" class=\"yoast-schema-graph\">{\"@context\":\"https:\/\/schema.org\",\"@graph\":[{\"@type\":\"WebPage\",\"@id\":\"https:\/\/2025laulupidu.100kingitust.ee\/en\/huvitav-teada\/\",\"url\":\"https:\/\/2025laulupidu.100kingitust.ee\/en\/huvitav-teada\/\",\"name\":\"Interesting to know | Song and Dance Celebration e-shop\",\"isPartOf\":{\"@id\":\"https:\/\/2025laulupidu.100kingitust.ee\/en\/#website\"},\"primaryImageOfPage\":{\"@id\":\"https:\/\/2025laulupidu.100kingitust.ee\/en\/huvitav-teada\/#primaryimage\"},\"image\":{\"@id\":\"https:\/\/2025laulupidu.100kingitust.ee\/en\/huvitav-teada\/#primaryimage\"},\"thumbnailUrl\":\"https:\/\/2023laulupidu.100kingitust.ee\/wp-content\/uploads\/2022\/09\/IMG-20220920-WA0001.jpg\",\"datePublished\":\"2022-04-12T11:56:26+00:00\",\"dateModified\":\"2025-01-24T14:08:25+00:00\",\"description\":\"Welcome to the official ISEOMA souvenir shop for the XXVIII Song and Dance Celebration! Discover festival T-shirts, raincoats, water bottles, bags, and souvenirs to celebrate and keep the memories alive.\",\"breadcrumb\":{\"@id\":\"https:\/\/2025laulupidu.100kingitust.ee\/en\/huvitav-teada\/#breadcrumb\"},\"inLanguage\":\"en-US\",\"potentialAction\":[{\"@type\":\"ReadAction\",\"target\":[\"https:\/\/2025laulupidu.100kingitust.ee\/en\/huvitav-teada\/\"]}]},{\"@type\":\"ImageObject\",\"inLanguage\":\"en-US\",\"@id\":\"https:\/\/2025laulupidu.100kingitust.ee\/en\/huvitav-teada\/#primaryimage\",\"url\":\"https:\/\/2023laulupidu.100kingitust.ee\/wp-content\/uploads\/2022\/09\/IMG-20220920-WA0001.jpg\",\"contentUrl\":\"https:\/\/2023laulupidu.100kingitust.ee\/wp-content\/uploads\/2022\/09\/IMG-20220920-WA0001.jpg\"},{\"@type\":\"BreadcrumbList\",\"@id\":\"https:\/\/2025laulupidu.100kingitust.ee\/en\/huvitav-teada\/#breadcrumb\",\"itemListElement\":[{\"@type\":\"ListItem\",\"position\":1,\"name\":\"Esileht\",\"item\":\"https:\/\/2025laulupidu.100kingitust.ee\/en\/\"},{\"@type\":\"ListItem\",\"position\":2,\"name\":\"Interesting to know\"}]},{\"@type\":\"WebSite\",\"@id\":\"https:\/\/2025laulupidu.100kingitust.ee\/en\/#website\",\"url\":\"https:\/\/2025laulupidu.100kingitust.ee\/en\/\",\"name\":\"Iseoma Laulu- ja tantsupeo meenepood\",\"description\":\"XIII Youth Song and Dance Celebration webshop\",\"publisher\":{\"@id\":\"https:\/\/2025laulupidu.100kingitust.ee\/en\/#organization\"},\"alternateName\":\"2025 Noorte Laulu- ja Tantsupeo meenepood\",\"potentialAction\":[{\"@type\":\"SearchAction\",\"target\":{\"@type\":\"EntryPoint\",\"urlTemplate\":\"https:\/\/2025laulupidu.100kingitust.ee\/en\/?s={search_term_string}\"},\"query-input\":{\"@type\":\"PropertyValueSpecification\",\"valueRequired\":true,\"valueName\":\"search_term_string\"}}],\"inLanguage\":\"en-US\"},{\"@type\":\"Organization\",\"@id\":\"https:\/\/2025laulupidu.100kingitust.ee\/en\/#organization\",\"name\":\"Meremuuseumi e-pood\",\"alternateName\":\"Laulu- ja Tantsupeo SA\",\"url\":\"https:\/\/2025laulupidu.100kingitust.ee\/en\/\",\"logo\":{\"@type\":\"ImageObject\",\"inLanguage\":\"en-US\",\"@id\":\"https:\/\/2025laulupidu.100kingitust.ee\/en\/#\/schema\/logo\/image\/\",\"url\":\"https:\/\/2025laulupidu.100kingitust.ee\/wp-content\/uploads\/2024\/09\/logo-new.png\",\"contentUrl\":\"https:\/\/2025laulupidu.100kingitust.ee\/wp-content\/uploads\/2024\/09\/logo-new.png\",\"width\":455,\"height\":186,\"caption\":\"Meremuuseumi e-pood\"},\"image\":{\"@id\":\"https:\/\/2025laulupidu.100kingitust.ee\/en\/#\/schema\/logo\/image\/\"},\"sameAs\":[\"https:\/\/www.facebook.com\/100kingitust\"]}]}<\/script>\n<!-- \/ Yoast SEO Premium plugin. -->","yoast_head_json":{"title":"Interesting to know | Song and Dance Celebration e-shop","description":"Welcome to the official ISEOMA souvenir shop for the XXVIII Song and Dance Celebration! Discover festival T-shirts, raincoats, water bottles, bags, and souvenirs to celebrate and keep the memories alive.","robots":{"index":"index","follow":"follow","max-snippet":"max-snippet:-1","max-image-preview":"max-image-preview:large","max-video-preview":"max-video-preview:-1"},"canonical":"https:\/\/2025laulupidu.100kingitust.ee\/en\/huvitav-teada\/","og_locale":"en_US","og_type":"article","og_title":"Interesting to know | Song and Dance Celebration e-shop","og_description":"Noorte Laulu- ja Tantsupeo meenepoest leiad peo s\u00e4rgid, pusad, meened, m\u00e4rgid! Saadame \u00fcle maailma!","og_url":"https:\/\/2025laulupidu.100kingitust.ee\/en\/huvitav-teada\/","og_site_name":"Song and Dance Celebration e-shop","article_publisher":"https:\/\/www.facebook.com\/100kingitust","article_modified_time":"2025-01-24T14:08:25+00:00","og_image":[{"width":771,"height":1003,"url":"https:\/\/2025laulupidu.100kingitust.ee\/wp-content\/uploads\/2022\/09\/IMG-20220920-WA0001.jpg","type":"image\/jpeg"}],"twitter_card":"summary_large_image","twitter_misc":{"Est. reading time":"2 minutes"},"schema":{"@context":"https:\/\/schema.org","@graph":[{"@type":"WebPage","@id":"https:\/\/2025laulupidu.100kingitust.ee\/en\/huvitav-teada\/","url":"https:\/\/2025laulupidu.100kingitust.ee\/en\/huvitav-teada\/","name":"Interesting to know | Song and Dance Celebration e-shop","isPartOf":{"@id":"https:\/\/2025laulupidu.100kingitust.ee\/en\/#website"},"primaryImageOfPage":{"@id":"https:\/\/2025laulupidu.100kingitust.ee\/en\/huvitav-teada\/#primaryimage"},"image":{"@id":"https:\/\/2025laulupidu.100kingitust.ee\/en\/huvitav-teada\/#primaryimage"},"thumbnailUrl":"https:\/\/2023laulupidu.100kingitust.ee\/wp-content\/uploads\/2022\/09\/IMG-20220920-WA0001.jpg","datePublished":"2022-04-12T11:56:26+00:00","dateModified":"2025-01-24T14:08:25+00:00","description":"Welcome to the official ISEOMA souvenir shop for the XXVIII Song and Dance Celebration! Discover festival T-shirts, raincoats, water bottles, bags, and souvenirs to celebrate and keep the memories alive.","breadcrumb":{"@id":"https:\/\/2025laulupidu.100kingitust.ee\/en\/huvitav-teada\/#breadcrumb"},"inLanguage":"en-US","potentialAction":[{"@type":"ReadAction","target":["https:\/\/2025laulupidu.100kingitust.ee\/en\/huvitav-teada\/"]}]},{"@type":"ImageObject","inLanguage":"en-US","@id":"https:\/\/2025laulupidu.100kingitust.ee\/en\/huvitav-teada\/#primaryimage","url":"https:\/\/2023laulupidu.100kingitust.ee\/wp-content\/uploads\/2022\/09\/IMG-20220920-WA0001.jpg","contentUrl":"https:\/\/2023laulupidu.100kingitust.ee\/wp-content\/uploads\/2022\/09\/IMG-20220920-WA0001.jpg"},{"@type":"BreadcrumbList","@id":"https:\/\/2025laulupidu.100kingitust.ee\/en\/huvitav-teada\/#breadcrumb","itemListElement":[{"@type":"ListItem","position":1,"name":"Esileht","item":"https:\/\/2025laulupidu.100kingitust.ee\/en\/"},{"@type":"ListItem","position":2,"name":"Interesting to know"}]},{"@type":"WebSite","@id":"https:\/\/2025laulupidu.100kingitust.ee\/en\/#website","url":"https:\/\/2025laulupidu.100kingitust.ee\/en\/","name":"Iseoma Laulu- ja tantsupeo meenepood","description":"XIII Youth Song and Dance Celebration webshop","publisher":{"@id":"https:\/\/2025laulupidu.100kingitust.ee\/en\/#organization"},"alternateName":"2025 Noorte Laulu- ja Tantsupeo meenepood","potentialAction":[{"@type":"SearchAction","target":{"@type":"EntryPoint","urlTemplate":"https:\/\/2025laulupidu.100kingitust.ee\/en\/?s={search_term_string}"},"query-input":{"@type":"PropertyValueSpecification","valueRequired":true,"valueName":"search_term_string"}}],"inLanguage":"en-US"},{"@type":"Organization","@id":"https:\/\/2025laulupidu.100kingitust.ee\/en\/#organization","name":"Meremuuseumi e-pood","alternateName":"Laulu- ja Tantsupeo SA","url":"https:\/\/2025laulupidu.100kingitust.ee\/en\/","logo":{"@type":"ImageObject","inLanguage":"en-US","@id":"https:\/\/2025laulupidu.100kingitust.ee\/en\/#\/schema\/logo\/image\/","url":"https:\/\/2025laulupidu.100kingitust.ee\/wp-content\/uploads\/2024\/09\/logo-new.png","contentUrl":"https:\/\/2025laulupidu.100kingitust.ee\/wp-content\/uploads\/2024\/09\/logo-new.png","width":455,"height":186,"caption":"Meremuuseumi e-pood"},"image":{"@id":"https:\/\/2025laulupidu.100kingitust.ee\/en\/#\/schema\/logo\/image\/"},"sameAs":["https:\/\/www.facebook.com\/100kingitust"]}]}},"_links":{"self":[{"href":"https:\/\/2025laulupidu.100kingitust.ee\/en\/wp-json\/wp\/v2\/pages\/1462","targetHints":{"allow":["GET"]}}],"collection":[{"href":"https:\/\/2025laulupidu.100kingitust.ee\/en\/wp-json\/wp\/v2\/pages"}],"about":[{"href":"https:\/\/2025laulupidu.100kingitust.ee\/en\/wp-json\/wp\/v2\/types\/page"}],"author":[{"embeddable":true,"href":"https:\/\/2025laulupidu.100kingitust.ee\/en\/wp-json\/wp\/v2\/users\/3"}],"replies":[{"embeddable":true,"href":"https:\/\/2025laulupidu.100kingitust.ee\/en\/wp-json\/wp\/v2\/comments?post=1462"}],"version-history":[{"count":55,"href":"https:\/\/2025laulupidu.100kingitust.ee\/en\/wp-json\/wp\/v2\/pages\/1462\/revisions"}],"predecessor-version":[{"id":7162,"href":"https:\/\/2025laulupidu.100kingitust.ee\/en\/wp-json\/wp\/v2\/pages\/1462\/revisions\/7162"}],"wp:attachment":[{"href":"https:\/\/2025laulupidu.100kingitust.ee\/en\/wp-json\/wp\/v2\/media?parent=1462"}],"curies":[{"name":"wp","href":"https:\/\/api.w.org\/{rel}","templated":true}]}}