{"id":10188,"date":"2025-06-26T13:16:33","date_gmt":"2025-06-26T11:16:33","guid":{"rendered":"https:\/\/2025laulupidu.100kingitust.ee\/song-and-dance-celebration-iseoma-2025-pin-in-a-velvet-box\/"},"modified":"2025-12-11T18:50:46","modified_gmt":"2025-12-11T16:50:46","slug":"song-and-dance-celebration-iseoma-2025-pin-in-a-velvet-box","status":"publish","type":"product","link":"https:\/\/2025laulupidu.100kingitust.ee\/en\/song-and-dance-celebration-iseoma-2025-pin-in-a-velvet-box\/","title":{"rendered":"Song and Dance Celebration ISEOMA 2025 pin in a velvet box"},"content":{"rendered":"<p data-start=\"18\" data-end=\"393\">The official badge of the festive XXVIII Song Celebration and XXI Dance Celebration &#8220;ISEOMA&#8221; 2025 is a dignified keepsake symbolizing one of Estonia&#8217;s most cherished and significant national events. The badge is made of high-quality metal and features a stylized sun motif along with the message &#8220;ISEOMA&#8221; \u2013 emphasizing each participant&#8217;s belonging to a shared cultural space.<\/p>\n<p data-start=\"395\" data-end=\"616\">The badge comes presented in an elegant black velvet box, making it a perfect gift, token of appreciation, or honorary item. Suitable for both wearing and collecting as a meaningful memento of Estonia&#8217;s cultural heritage.<\/p>\n<p data-start=\"618\" data-end=\"644\" data-is-last-node=\"\" data-is-only-node=\"\">Butterfly clasp fastening.<\/p>\n<p data-start=\"618\" data-end=\"644\" data-is-last-node=\"\" data-is-only-node=\"\">The pin has Iseoma\u2019s logo: XXVIII LAULUPIDU JA XXI TANTSUPIDU 2025<br \/>\nSize: 22mm x 26mm<\/p>\n","protected":false},"excerpt":{"rendered":"The official badge of the festive XXVIII Song Celebration and XXI Dance Celebration &#8220;ISEOMA&#8221; 2025 is a dignified keepsake symbolizing one of Estonia&#8217;s most cherished and significant national events. The badge is made of high-quality metal and features a stylized sun motif along with the message &#8220;ISEOMA&#8221; \u2013 emphasizing each participant&#8217;s belonging to a shared [&hellip;]","protected":false},"featured_media":10184,"template":"","meta":{"_acf_changed":false},"product_cat":[42,213,226],"product_tag":[],"class_list":{"0":"post-10188","1":"product","2":"type-product","3":"status-publish","4":"has-post-thumbnail","6":"product_cat-souvenirs","7":"product_cat-pins","8":"product_cat-all-products","10":"first","11":"instock","12":"sale","13":"taxable","14":"shipping-taxable","15":"purchasable","16":"product-type-simple"},"acf":[],"yoast_head":"<!-- This site is optimized with the Yoast SEO Premium plugin v20.9 (Yoast SEO v26.0) - https:\/\/yoast.com\/wordpress\/plugins\/seo\/ -->\n<title>Song and Dance Celebration ISEOMA 2025 pin in a velvet box | Song and Dance Celebration e-shop<\/title>\n<meta name=\"description\" content=\"Official badge of the festive XXVIII Song Festival and XXI Dance Celebration &quot;ISEOMA&quot; 2025\" \/>\n<meta name=\"robots\" content=\"index, follow, max-snippet:-1, max-image-preview:large, max-video-preview:-1\" \/>\n<link rel=\"canonical\" href=\"https:\/\/2025laulupidu.100kingitust.ee\/en\/song-and-dance-celebration-iseoma-2025-pin-in-a-velvet-box\/\" \/>\n<meta property=\"og:locale\" content=\"en_US\" \/>\n<meta property=\"og:type\" content=\"article\" \/>\n<meta property=\"og:title\" content=\"Song and Dance Celebration ISEOMA 2025 pin in a velvet box | Song and Dance Celebration e-shop\" \/>\n<meta property=\"og:description\" content=\"Noorte Laulu- ja Tantsupeo meenepoest leiad peo s\u00e4rgid, pusad, meened, m\u00e4rgid! Saadame \u00fcle maailma!\" \/>\n<meta property=\"og:url\" content=\"https:\/\/2025laulupidu.100kingitust.ee\/en\/song-and-dance-celebration-iseoma-2025-pin-in-a-velvet-box\/\" \/>\n<meta property=\"og:site_name\" content=\"Song and Dance Celebration e-shop\" \/>\n<meta property=\"article:publisher\" content=\"https:\/\/www.facebook.com\/100kingitust\" \/>\n<meta property=\"article:modified_time\" content=\"2025-12-11T16:50:46+00:00\" \/>\n<meta property=\"og:image\" content=\"https:\/\/2025laulupidu.100kingitust.ee\/wp-content\/uploads\/2025\/06\/ESTO-2025-black-hat-2-1.png\" \/>\n\t<meta property=\"og:image:width\" content=\"1000\" \/>\n\t<meta property=\"og:image:height\" content=\"1000\" \/>\n\t<meta property=\"og:image:type\" content=\"image\/png\" \/>\n<meta name=\"twitter:card\" content=\"summary_large_image\" \/>\n<meta name=\"twitter:label1\" content=\"Est. reading time\" \/>\n\t<meta name=\"twitter:data1\" content=\"1 minute\" \/>\n<script type=\"application\/ld+json\" class=\"yoast-schema-graph\">{\"@context\":\"https:\/\/schema.org\",\"@graph\":[{\"@type\":\"WebPage\",\"@id\":\"https:\/\/2025laulupidu.100kingitust.ee\/en\/song-and-dance-celebration-iseoma-2025-pin-in-a-velvet-box\/\",\"url\":\"https:\/\/2025laulupidu.100kingitust.ee\/en\/song-and-dance-celebration-iseoma-2025-pin-in-a-velvet-box\/\",\"name\":\"Song and Dance Celebration ISEOMA 2025 pin in a velvet box | Song and Dance Celebration e-shop\",\"isPartOf\":{\"@id\":\"https:\/\/2025laulupidu.100kingitust.ee\/en\/#website\"},\"primaryImageOfPage\":{\"@id\":\"https:\/\/2025laulupidu.100kingitust.ee\/en\/song-and-dance-celebration-iseoma-2025-pin-in-a-velvet-box\/#primaryimage\"},\"image\":{\"@id\":\"https:\/\/2025laulupidu.100kingitust.ee\/en\/song-and-dance-celebration-iseoma-2025-pin-in-a-velvet-box\/#primaryimage\"},\"thumbnailUrl\":\"https:\/\/2025laulupidu.100kingitust.ee\/wp-content\/uploads\/2025\/06\/ESTO-2025-black-hat-2-1.png\",\"datePublished\":\"2025-06-26T11:16:33+00:00\",\"dateModified\":\"2025-12-11T16:50:46+00:00\",\"description\":\"Official badge of the festive XXVIII Song Festival and XXI Dance Celebration \\\"ISEOMA\\\" 2025\",\"breadcrumb\":{\"@id\":\"https:\/\/2025laulupidu.100kingitust.ee\/en\/song-and-dance-celebration-iseoma-2025-pin-in-a-velvet-box\/#breadcrumb\"},\"inLanguage\":\"en-US\",\"potentialAction\":[{\"@type\":\"ReadAction\",\"target\":[\"https:\/\/2025laulupidu.100kingitust.ee\/en\/song-and-dance-celebration-iseoma-2025-pin-in-a-velvet-box\/\"]}]},{\"@type\":\"ImageObject\",\"inLanguage\":\"en-US\",\"@id\":\"https:\/\/2025laulupidu.100kingitust.ee\/en\/song-and-dance-celebration-iseoma-2025-pin-in-a-velvet-box\/#primaryimage\",\"url\":\"https:\/\/2025laulupidu.100kingitust.ee\/wp-content\/uploads\/2025\/06\/ESTO-2025-black-hat-2-1.png\",\"contentUrl\":\"https:\/\/2025laulupidu.100kingitust.ee\/wp-content\/uploads\/2025\/06\/ESTO-2025-black-hat-2-1.png\",\"width\":1000,\"height\":1000},{\"@type\":\"BreadcrumbList\",\"@id\":\"https:\/\/2025laulupidu.100kingitust.ee\/en\/song-and-dance-celebration-iseoma-2025-pin-in-a-velvet-box\/#breadcrumb\",\"itemListElement\":[{\"@type\":\"ListItem\",\"position\":1,\"name\":\"Esileht\",\"item\":\"https:\/\/2025laulupidu.100kingitust.ee\/en\/\"},{\"@type\":\"ListItem\",\"position\":2,\"name\":\"Shop\",\"item\":\"https:\/\/2025laulupidu.100kingitust.ee\/en\/shop\/\"},{\"@type\":\"ListItem\",\"position\":3,\"name\":\"Song and Dance Celebration ISEOMA 2025 pin in a velvet box\"}]},{\"@type\":\"WebSite\",\"@id\":\"https:\/\/2025laulupidu.100kingitust.ee\/en\/#website\",\"url\":\"https:\/\/2025laulupidu.100kingitust.ee\/en\/\",\"name\":\"Iseoma Laulu- ja tantsupeo meenepood\",\"description\":\"XIII Youth Song and Dance Celebration webshop\",\"publisher\":{\"@id\":\"https:\/\/2025laulupidu.100kingitust.ee\/en\/#organization\"},\"alternateName\":\"2025 Noorte Laulu- ja Tantsupeo meenepood\",\"potentialAction\":[{\"@type\":\"SearchAction\",\"target\":{\"@type\":\"EntryPoint\",\"urlTemplate\":\"https:\/\/2025laulupidu.100kingitust.ee\/en\/?s={search_term_string}\"},\"query-input\":{\"@type\":\"PropertyValueSpecification\",\"valueRequired\":true,\"valueName\":\"search_term_string\"}}],\"inLanguage\":\"en-US\"},{\"@type\":\"Organization\",\"@id\":\"https:\/\/2025laulupidu.100kingitust.ee\/en\/#organization\",\"name\":\"Meremuuseumi e-pood\",\"alternateName\":\"Laulu- ja Tantsupeo SA\",\"url\":\"https:\/\/2025laulupidu.100kingitust.ee\/en\/\",\"logo\":{\"@type\":\"ImageObject\",\"inLanguage\":\"en-US\",\"@id\":\"https:\/\/2025laulupidu.100kingitust.ee\/en\/#\/schema\/logo\/image\/\",\"url\":\"https:\/\/2025laulupidu.100kingitust.ee\/wp-content\/uploads\/2024\/09\/logo-new.png\",\"contentUrl\":\"https:\/\/2025laulupidu.100kingitust.ee\/wp-content\/uploads\/2024\/09\/logo-new.png\",\"width\":455,\"height\":186,\"caption\":\"Meremuuseumi e-pood\"},\"image\":{\"@id\":\"https:\/\/2025laulupidu.100kingitust.ee\/en\/#\/schema\/logo\/image\/\"},\"sameAs\":[\"https:\/\/www.facebook.com\/100kingitust\"]}]}<\/script>\n<!-- \/ Yoast SEO Premium plugin. -->","yoast_head_json":{"title":"Song and Dance Celebration ISEOMA 2025 pin in a velvet box | Song and Dance Celebration e-shop","description":"Official badge of the festive XXVIII Song Festival and XXI Dance Celebration \"ISEOMA\" 2025","robots":{"index":"index","follow":"follow","max-snippet":"max-snippet:-1","max-image-preview":"max-image-preview:large","max-video-preview":"max-video-preview:-1"},"canonical":"https:\/\/2025laulupidu.100kingitust.ee\/en\/song-and-dance-celebration-iseoma-2025-pin-in-a-velvet-box\/","og_locale":"en_US","og_type":"article","og_title":"Song and Dance Celebration ISEOMA 2025 pin in a velvet box | Song and Dance Celebration e-shop","og_description":"Noorte Laulu- ja Tantsupeo meenepoest leiad peo s\u00e4rgid, pusad, meened, m\u00e4rgid! Saadame \u00fcle maailma!","og_url":"https:\/\/2025laulupidu.100kingitust.ee\/en\/song-and-dance-celebration-iseoma-2025-pin-in-a-velvet-box\/","og_site_name":"Song and Dance Celebration e-shop","article_publisher":"https:\/\/www.facebook.com\/100kingitust","article_modified_time":"2025-12-11T16:50:46+00:00","og_image":[{"width":1000,"height":1000,"url":"https:\/\/2025laulupidu.100kingitust.ee\/wp-content\/uploads\/2025\/06\/ESTO-2025-black-hat-2-1.png","type":"image\/png"}],"twitter_card":"summary_large_image","twitter_misc":{"Est. reading time":"1 minute"},"schema":{"@context":"https:\/\/schema.org","@graph":[{"@type":"WebPage","@id":"https:\/\/2025laulupidu.100kingitust.ee\/en\/song-and-dance-celebration-iseoma-2025-pin-in-a-velvet-box\/","url":"https:\/\/2025laulupidu.100kingitust.ee\/en\/song-and-dance-celebration-iseoma-2025-pin-in-a-velvet-box\/","name":"Song and Dance Celebration ISEOMA 2025 pin in a velvet box | Song and Dance Celebration e-shop","isPartOf":{"@id":"https:\/\/2025laulupidu.100kingitust.ee\/en\/#website"},"primaryImageOfPage":{"@id":"https:\/\/2025laulupidu.100kingitust.ee\/en\/song-and-dance-celebration-iseoma-2025-pin-in-a-velvet-box\/#primaryimage"},"image":{"@id":"https:\/\/2025laulupidu.100kingitust.ee\/en\/song-and-dance-celebration-iseoma-2025-pin-in-a-velvet-box\/#primaryimage"},"thumbnailUrl":"https:\/\/2025laulupidu.100kingitust.ee\/wp-content\/uploads\/2025\/06\/ESTO-2025-black-hat-2-1.png","datePublished":"2025-06-26T11:16:33+00:00","dateModified":"2025-12-11T16:50:46+00:00","description":"Official badge of the festive XXVIII Song Festival and XXI Dance Celebration \"ISEOMA\" 2025","breadcrumb":{"@id":"https:\/\/2025laulupidu.100kingitust.ee\/en\/song-and-dance-celebration-iseoma-2025-pin-in-a-velvet-box\/#breadcrumb"},"inLanguage":"en-US","potentialAction":[{"@type":"ReadAction","target":["https:\/\/2025laulupidu.100kingitust.ee\/en\/song-and-dance-celebration-iseoma-2025-pin-in-a-velvet-box\/"]}]},{"@type":"ImageObject","inLanguage":"en-US","@id":"https:\/\/2025laulupidu.100kingitust.ee\/en\/song-and-dance-celebration-iseoma-2025-pin-in-a-velvet-box\/#primaryimage","url":"https:\/\/2025laulupidu.100kingitust.ee\/wp-content\/uploads\/2025\/06\/ESTO-2025-black-hat-2-1.png","contentUrl":"https:\/\/2025laulupidu.100kingitust.ee\/wp-content\/uploads\/2025\/06\/ESTO-2025-black-hat-2-1.png","width":1000,"height":1000},{"@type":"BreadcrumbList","@id":"https:\/\/2025laulupidu.100kingitust.ee\/en\/song-and-dance-celebration-iseoma-2025-pin-in-a-velvet-box\/#breadcrumb","itemListElement":[{"@type":"ListItem","position":1,"name":"Esileht","item":"https:\/\/2025laulupidu.100kingitust.ee\/en\/"},{"@type":"ListItem","position":2,"name":"Shop","item":"https:\/\/2025laulupidu.100kingitust.ee\/en\/shop\/"},{"@type":"ListItem","position":3,"name":"Song and Dance Celebration ISEOMA 2025 pin in a velvet box"}]},{"@type":"WebSite","@id":"https:\/\/2025laulupidu.100kingitust.ee\/en\/#website","url":"https:\/\/2025laulupidu.100kingitust.ee\/en\/","name":"Iseoma Laulu- ja tantsupeo meenepood","description":"XIII Youth Song and Dance Celebration webshop","publisher":{"@id":"https:\/\/2025laulupidu.100kingitust.ee\/en\/#organization"},"alternateName":"2025 Noorte Laulu- ja Tantsupeo meenepood","potentialAction":[{"@type":"SearchAction","target":{"@type":"EntryPoint","urlTemplate":"https:\/\/2025laulupidu.100kingitust.ee\/en\/?s={search_term_string}"},"query-input":{"@type":"PropertyValueSpecification","valueRequired":true,"valueName":"search_term_string"}}],"inLanguage":"en-US"},{"@type":"Organization","@id":"https:\/\/2025laulupidu.100kingitust.ee\/en\/#organization","name":"Meremuuseumi e-pood","alternateName":"Laulu- ja Tantsupeo SA","url":"https:\/\/2025laulupidu.100kingitust.ee\/en\/","logo":{"@type":"ImageObject","inLanguage":"en-US","@id":"https:\/\/2025laulupidu.100kingitust.ee\/en\/#\/schema\/logo\/image\/","url":"https:\/\/2025laulupidu.100kingitust.ee\/wp-content\/uploads\/2024\/09\/logo-new.png","contentUrl":"https:\/\/2025laulupidu.100kingitust.ee\/wp-content\/uploads\/2024\/09\/logo-new.png","width":455,"height":186,"caption":"Meremuuseumi e-pood"},"image":{"@id":"https:\/\/2025laulupidu.100kingitust.ee\/en\/#\/schema\/logo\/image\/"},"sameAs":["https:\/\/www.facebook.com\/100kingitust"]}]}},"_links":{"self":[{"href":"https:\/\/2025laulupidu.100kingitust.ee\/en\/wp-json\/wp\/v2\/product\/10188","targetHints":{"allow":["GET"]}}],"collection":[{"href":"https:\/\/2025laulupidu.100kingitust.ee\/en\/wp-json\/wp\/v2\/product"}],"about":[{"href":"https:\/\/2025laulupidu.100kingitust.ee\/en\/wp-json\/wp\/v2\/types\/product"}],"wp:featuredmedia":[{"embeddable":true,"href":"https:\/\/2025laulupidu.100kingitust.ee\/en\/wp-json\/wp\/v2\/media\/10184"}],"wp:attachment":[{"href":"https:\/\/2025laulupidu.100kingitust.ee\/en\/wp-json\/wp\/v2\/media?parent=10188"}],"wp:term":[{"taxonomy":"product_cat","embeddable":true,"href":"https:\/\/2025laulupidu.100kingitust.ee\/en\/wp-json\/wp\/v2\/product_cat?post=10188"},{"taxonomy":"product_tag","embeddable":true,"href":"https:\/\/2025laulupidu.100kingitust.ee\/en\/wp-json\/wp\/v2\/product_tag?post=10188"}],"curies":[{"name":"wp","href":"https:\/\/api.w.org\/{rel}","templated":true}]}}