{"id":10189,"date":"2025-06-26T13:09:12","date_gmt":"2025-06-26T11:09:12","guid":{"rendered":"https:\/\/2025laulupidu.100kingitust.ee\/esto-2025-pin-in-a-velvet-box\/"},"modified":"2025-06-26T13:09:12","modified_gmt":"2025-06-26T11:09:12","slug":"esto-2025-pin-in-a-velvet-box","status":"publish","type":"product","link":"https:\/\/2025laulupidu.100kingitust.ee\/en\/esto-2025-pin-in-a-velvet-box\/","title":{"rendered":"ESTO 2025 pin in a velvet box"},"content":{"rendered":"<p data-start=\"18\" data-end=\"432\">The stylish and minimalist ESTO 2025 badge in a velvet box is a great way to show your support and belonging to the largest Estonian song and cultural festival outside of Estonia. The badge features the text \u201cESTO 2025\u201d in blue and black on a white background. The elegant velvet box adds a touch of prestige, making it a perfect gift or lifelong keepsake. Suitable for wearing on clothing, bags, or as a souvenir.<\/p>\n<p data-start=\"434\" data-end=\"866\"><strong data-start=\"434\" data-end=\"456\">What is ESTO 2025?<\/strong><br data-start=\"456\" data-end=\"459\" \/>ESTO 2025 is a global gathering and cultural event for Estonians, bringing together Estonians and friends of Estonia from all over the world. It is a traditional international celebration of the Estonian language, culture, and community through concerts, conferences, exhibitions, and festivities. ESTO unites Estonians from every corner of the world and helps build bridges to preserve cultural continuity.<\/p>\n<p data-start=\"868\" data-end=\"905\" data-is-last-node=\"\" data-is-only-node=\"\">Badge with butterfly clasp fastening.<\/p>\n","protected":false},"excerpt":{"rendered":"The stylish and minimalist ESTO 2025 badge in a velvet box is a great way to show your support and belonging to the largest Estonian song and cultural festival outside of Estonia. The badge features the text \u201cESTO 2025\u201d in blue and black on a white background. The elegant velvet box adds a touch of [&hellip;]","protected":false},"featured_media":10180,"template":"","meta":{"_acf_changed":false},"product_cat":[258,226],"product_tag":[],"class_list":{"0":"post-10189","1":"product","2":"type-product","3":"status-publish","4":"has-post-thumbnail","6":"product_cat-esto-2025-en","7":"product_cat-all-products","9":"first","10":"instock","11":"taxable","12":"shipping-taxable","13":"purchasable","14":"product-type-simple"},"acf":[],"yoast_head":"<!-- This site is optimized with the Yoast SEO Premium plugin v20.9 (Yoast SEO v26.0) - https:\/\/yoast.com\/wordpress\/plugins\/seo\/ -->\n<title>ESTO 2025 pin in a velvet box | Song and Dance Celebration e-shop<\/title>\n<meta name=\"description\" content=\"ESTO 2025 is a global gathering of Estonians and a cultural event that brings together Estonians and friends of Estonian culture from around the world.\" \/>\n<meta name=\"robots\" content=\"index, follow, max-snippet:-1, max-image-preview:large, max-video-preview:-1\" \/>\n<link rel=\"canonical\" href=\"https:\/\/2025laulupidu.100kingitust.ee\/en\/esto-2025-pin-in-a-velvet-box\/\" \/>\n<meta property=\"og:locale\" content=\"en_US\" \/>\n<meta property=\"og:type\" content=\"article\" \/>\n<meta property=\"og:title\" content=\"ESTO 2025 pin in a velvet box | Song and Dance Celebration e-shop\" \/>\n<meta property=\"og:description\" content=\"Noorte Laulu- ja Tantsupeo meenepoest leiad peo s\u00e4rgid, pusad, meened, m\u00e4rgid! Saadame \u00fcle maailma!\" \/>\n<meta property=\"og:url\" content=\"https:\/\/2025laulupidu.100kingitust.ee\/en\/esto-2025-pin-in-a-velvet-box\/\" \/>\n<meta property=\"og:site_name\" content=\"Song and Dance Celebration e-shop\" \/>\n<meta property=\"article:publisher\" content=\"https:\/\/www.facebook.com\/100kingitust\" \/>\n<meta property=\"og:image\" content=\"https:\/\/2025laulupidu.100kingitust.ee\/wp-content\/uploads\/2025\/06\/ESTO-2025-black-hat-1.png\" \/>\n\t<meta property=\"og:image:width\" content=\"1000\" \/>\n\t<meta property=\"og:image:height\" content=\"1000\" \/>\n\t<meta property=\"og:image:type\" content=\"image\/png\" \/>\n<meta name=\"twitter:card\" content=\"summary_large_image\" \/>\n<meta name=\"twitter:label1\" content=\"Est. reading time\" \/>\n\t<meta name=\"twitter:data1\" content=\"1 minute\" \/>\n<script type=\"application\/ld+json\" class=\"yoast-schema-graph\">{\"@context\":\"https:\/\/schema.org\",\"@graph\":[{\"@type\":\"WebPage\",\"@id\":\"https:\/\/2025laulupidu.100kingitust.ee\/en\/esto-2025-pin-in-a-velvet-box\/\",\"url\":\"https:\/\/2025laulupidu.100kingitust.ee\/en\/esto-2025-pin-in-a-velvet-box\/\",\"name\":\"ESTO 2025 pin in a velvet box | Song and Dance Celebration e-shop\",\"isPartOf\":{\"@id\":\"https:\/\/2025laulupidu.100kingitust.ee\/en\/#website\"},\"primaryImageOfPage\":{\"@id\":\"https:\/\/2025laulupidu.100kingitust.ee\/en\/esto-2025-pin-in-a-velvet-box\/#primaryimage\"},\"image\":{\"@id\":\"https:\/\/2025laulupidu.100kingitust.ee\/en\/esto-2025-pin-in-a-velvet-box\/#primaryimage\"},\"thumbnailUrl\":\"https:\/\/2025laulupidu.100kingitust.ee\/wp-content\/uploads\/2025\/06\/ESTO-2025-black-hat-1.png\",\"datePublished\":\"2025-06-26T11:09:12+00:00\",\"description\":\"ESTO 2025 is a global gathering of Estonians and a cultural event that brings together Estonians and friends of Estonian culture from around the world.\",\"breadcrumb\":{\"@id\":\"https:\/\/2025laulupidu.100kingitust.ee\/en\/esto-2025-pin-in-a-velvet-box\/#breadcrumb\"},\"inLanguage\":\"en-US\",\"potentialAction\":[{\"@type\":\"ReadAction\",\"target\":[\"https:\/\/2025laulupidu.100kingitust.ee\/en\/esto-2025-pin-in-a-velvet-box\/\"]}]},{\"@type\":\"ImageObject\",\"inLanguage\":\"en-US\",\"@id\":\"https:\/\/2025laulupidu.100kingitust.ee\/en\/esto-2025-pin-in-a-velvet-box\/#primaryimage\",\"url\":\"https:\/\/2025laulupidu.100kingitust.ee\/wp-content\/uploads\/2025\/06\/ESTO-2025-black-hat-1.png\",\"contentUrl\":\"https:\/\/2025laulupidu.100kingitust.ee\/wp-content\/uploads\/2025\/06\/ESTO-2025-black-hat-1.png\",\"width\":1000,\"height\":1000},{\"@type\":\"BreadcrumbList\",\"@id\":\"https:\/\/2025laulupidu.100kingitust.ee\/en\/esto-2025-pin-in-a-velvet-box\/#breadcrumb\",\"itemListElement\":[{\"@type\":\"ListItem\",\"position\":1,\"name\":\"Esileht\",\"item\":\"https:\/\/2025laulupidu.100kingitust.ee\/en\/\"},{\"@type\":\"ListItem\",\"position\":2,\"name\":\"Shop\",\"item\":\"https:\/\/2025laulupidu.100kingitust.ee\/en\/shop\/\"},{\"@type\":\"ListItem\",\"position\":3,\"name\":\"ESTO 2025 pin in a velvet box\"}]},{\"@type\":\"WebSite\",\"@id\":\"https:\/\/2025laulupidu.100kingitust.ee\/en\/#website\",\"url\":\"https:\/\/2025laulupidu.100kingitust.ee\/en\/\",\"name\":\"Iseoma Laulu- ja tantsupeo meenepood\",\"description\":\"XIII Youth Song and Dance Celebration webshop\",\"publisher\":{\"@id\":\"https:\/\/2025laulupidu.100kingitust.ee\/en\/#organization\"},\"alternateName\":\"2025 Noorte Laulu- ja Tantsupeo meenepood\",\"potentialAction\":[{\"@type\":\"SearchAction\",\"target\":{\"@type\":\"EntryPoint\",\"urlTemplate\":\"https:\/\/2025laulupidu.100kingitust.ee\/en\/?s={search_term_string}\"},\"query-input\":{\"@type\":\"PropertyValueSpecification\",\"valueRequired\":true,\"valueName\":\"search_term_string\"}}],\"inLanguage\":\"en-US\"},{\"@type\":\"Organization\",\"@id\":\"https:\/\/2025laulupidu.100kingitust.ee\/en\/#organization\",\"name\":\"Meremuuseumi e-pood\",\"alternateName\":\"Laulu- ja Tantsupeo SA\",\"url\":\"https:\/\/2025laulupidu.100kingitust.ee\/en\/\",\"logo\":{\"@type\":\"ImageObject\",\"inLanguage\":\"en-US\",\"@id\":\"https:\/\/2025laulupidu.100kingitust.ee\/en\/#\/schema\/logo\/image\/\",\"url\":\"https:\/\/2025laulupidu.100kingitust.ee\/wp-content\/uploads\/2024\/09\/logo-new.png\",\"contentUrl\":\"https:\/\/2025laulupidu.100kingitust.ee\/wp-content\/uploads\/2024\/09\/logo-new.png\",\"width\":455,\"height\":186,\"caption\":\"Meremuuseumi e-pood\"},\"image\":{\"@id\":\"https:\/\/2025laulupidu.100kingitust.ee\/en\/#\/schema\/logo\/image\/\"},\"sameAs\":[\"https:\/\/www.facebook.com\/100kingitust\"]}]}<\/script>\n<!-- \/ Yoast SEO Premium plugin. -->","yoast_head_json":{"title":"ESTO 2025 pin in a velvet box | Song and Dance Celebration e-shop","description":"ESTO 2025 is a global gathering of Estonians and a cultural event that brings together Estonians and friends of Estonian culture from around the world.","robots":{"index":"index","follow":"follow","max-snippet":"max-snippet:-1","max-image-preview":"max-image-preview:large","max-video-preview":"max-video-preview:-1"},"canonical":"https:\/\/2025laulupidu.100kingitust.ee\/en\/esto-2025-pin-in-a-velvet-box\/","og_locale":"en_US","og_type":"article","og_title":"ESTO 2025 pin in a velvet box | Song and Dance Celebration e-shop","og_description":"Noorte Laulu- ja Tantsupeo meenepoest leiad peo s\u00e4rgid, pusad, meened, m\u00e4rgid! Saadame \u00fcle maailma!","og_url":"https:\/\/2025laulupidu.100kingitust.ee\/en\/esto-2025-pin-in-a-velvet-box\/","og_site_name":"Song and Dance Celebration e-shop","article_publisher":"https:\/\/www.facebook.com\/100kingitust","og_image":[{"width":1000,"height":1000,"url":"https:\/\/2025laulupidu.100kingitust.ee\/wp-content\/uploads\/2025\/06\/ESTO-2025-black-hat-1.png","type":"image\/png"}],"twitter_card":"summary_large_image","twitter_misc":{"Est. reading time":"1 minute"},"schema":{"@context":"https:\/\/schema.org","@graph":[{"@type":"WebPage","@id":"https:\/\/2025laulupidu.100kingitust.ee\/en\/esto-2025-pin-in-a-velvet-box\/","url":"https:\/\/2025laulupidu.100kingitust.ee\/en\/esto-2025-pin-in-a-velvet-box\/","name":"ESTO 2025 pin in a velvet box | Song and Dance Celebration e-shop","isPartOf":{"@id":"https:\/\/2025laulupidu.100kingitust.ee\/en\/#website"},"primaryImageOfPage":{"@id":"https:\/\/2025laulupidu.100kingitust.ee\/en\/esto-2025-pin-in-a-velvet-box\/#primaryimage"},"image":{"@id":"https:\/\/2025laulupidu.100kingitust.ee\/en\/esto-2025-pin-in-a-velvet-box\/#primaryimage"},"thumbnailUrl":"https:\/\/2025laulupidu.100kingitust.ee\/wp-content\/uploads\/2025\/06\/ESTO-2025-black-hat-1.png","datePublished":"2025-06-26T11:09:12+00:00","description":"ESTO 2025 is a global gathering of Estonians and a cultural event that brings together Estonians and friends of Estonian culture from around the world.","breadcrumb":{"@id":"https:\/\/2025laulupidu.100kingitust.ee\/en\/esto-2025-pin-in-a-velvet-box\/#breadcrumb"},"inLanguage":"en-US","potentialAction":[{"@type":"ReadAction","target":["https:\/\/2025laulupidu.100kingitust.ee\/en\/esto-2025-pin-in-a-velvet-box\/"]}]},{"@type":"ImageObject","inLanguage":"en-US","@id":"https:\/\/2025laulupidu.100kingitust.ee\/en\/esto-2025-pin-in-a-velvet-box\/#primaryimage","url":"https:\/\/2025laulupidu.100kingitust.ee\/wp-content\/uploads\/2025\/06\/ESTO-2025-black-hat-1.png","contentUrl":"https:\/\/2025laulupidu.100kingitust.ee\/wp-content\/uploads\/2025\/06\/ESTO-2025-black-hat-1.png","width":1000,"height":1000},{"@type":"BreadcrumbList","@id":"https:\/\/2025laulupidu.100kingitust.ee\/en\/esto-2025-pin-in-a-velvet-box\/#breadcrumb","itemListElement":[{"@type":"ListItem","position":1,"name":"Esileht","item":"https:\/\/2025laulupidu.100kingitust.ee\/en\/"},{"@type":"ListItem","position":2,"name":"Shop","item":"https:\/\/2025laulupidu.100kingitust.ee\/en\/shop\/"},{"@type":"ListItem","position":3,"name":"ESTO 2025 pin in a velvet box"}]},{"@type":"WebSite","@id":"https:\/\/2025laulupidu.100kingitust.ee\/en\/#website","url":"https:\/\/2025laulupidu.100kingitust.ee\/en\/","name":"Iseoma Laulu- ja tantsupeo meenepood","description":"XIII Youth Song and Dance Celebration webshop","publisher":{"@id":"https:\/\/2025laulupidu.100kingitust.ee\/en\/#organization"},"alternateName":"2025 Noorte Laulu- ja Tantsupeo meenepood","potentialAction":[{"@type":"SearchAction","target":{"@type":"EntryPoint","urlTemplate":"https:\/\/2025laulupidu.100kingitust.ee\/en\/?s={search_term_string}"},"query-input":{"@type":"PropertyValueSpecification","valueRequired":true,"valueName":"search_term_string"}}],"inLanguage":"en-US"},{"@type":"Organization","@id":"https:\/\/2025laulupidu.100kingitust.ee\/en\/#organization","name":"Meremuuseumi e-pood","alternateName":"Laulu- ja Tantsupeo SA","url":"https:\/\/2025laulupidu.100kingitust.ee\/en\/","logo":{"@type":"ImageObject","inLanguage":"en-US","@id":"https:\/\/2025laulupidu.100kingitust.ee\/en\/#\/schema\/logo\/image\/","url":"https:\/\/2025laulupidu.100kingitust.ee\/wp-content\/uploads\/2024\/09\/logo-new.png","contentUrl":"https:\/\/2025laulupidu.100kingitust.ee\/wp-content\/uploads\/2024\/09\/logo-new.png","width":455,"height":186,"caption":"Meremuuseumi e-pood"},"image":{"@id":"https:\/\/2025laulupidu.100kingitust.ee\/en\/#\/schema\/logo\/image\/"},"sameAs":["https:\/\/www.facebook.com\/100kingitust"]}]}},"_links":{"self":[{"href":"https:\/\/2025laulupidu.100kingitust.ee\/en\/wp-json\/wp\/v2\/product\/10189","targetHints":{"allow":["GET"]}}],"collection":[{"href":"https:\/\/2025laulupidu.100kingitust.ee\/en\/wp-json\/wp\/v2\/product"}],"about":[{"href":"https:\/\/2025laulupidu.100kingitust.ee\/en\/wp-json\/wp\/v2\/types\/product"}],"wp:featuredmedia":[{"embeddable":true,"href":"https:\/\/2025laulupidu.100kingitust.ee\/en\/wp-json\/wp\/v2\/media\/10180"}],"wp:attachment":[{"href":"https:\/\/2025laulupidu.100kingitust.ee\/en\/wp-json\/wp\/v2\/media?parent=10189"}],"wp:term":[{"taxonomy":"product_cat","embeddable":true,"href":"https:\/\/2025laulupidu.100kingitust.ee\/en\/wp-json\/wp\/v2\/product_cat?post=10189"},{"taxonomy":"product_tag","embeddable":true,"href":"https:\/\/2025laulupidu.100kingitust.ee\/en\/wp-json\/wp\/v2\/product_tag?post=10189"}],"curies":[{"name":"wp","href":"https:\/\/api.w.org\/{rel}","templated":true}]}}