{"id":10634,"date":"2025-07-23T13:19:14","date_gmt":"2025-07-23T11:19:14","guid":{"rendered":"https:\/\/2025laulupidu.100kingitust.ee\/iseoma-2025-song-and-dance-festival-dark-blue-baseball-cap\/"},"modified":"2025-12-11T14:33:53","modified_gmt":"2025-12-11T12:33:53","slug":"iseoma-2025-song-and-dance-festival-dark-blue-baseball-cap","status":"publish","type":"product","link":"https:\/\/2025laulupidu.100kingitust.ee\/en\/iseoma-2025-song-and-dance-festival-dark-blue-baseball-cap\/","title":{"rendered":"ISEOMA 2025 Song and Dance Festival Dark Blue Baseball Cap"},"content":{"rendered":"<p data-start=\"57\" data-end=\"337\">The ISEOMA dark blue baseball cap is the perfect choice for every participant of the song and dance festival, offering both style and protection from the sun. This unisex model fits men and women, boys and girls alike \u2013 the adjustable strap ensures a comfortable fit for everyone.<\/p>\n<p data-start=\"339\" data-end=\"480\" data-is-last-node=\"\" data-is-only-node=\"\">Adjustable size: comfortable fit for all head circumferences<br data-start=\"399\" data-end=\"402\" \/>Color: dark blue<br data-start=\"418\" data-end=\"421\" \/>Protects eyes and face from the sun<br data-start=\"456\" data-end=\"459\" \/>Material: 100% cotton<\/p>\n","protected":false},"excerpt":{"rendered":"The ISEOMA dark blue baseball cap is the perfect choice for every participant of the song and dance festival, offering both style and protection from the sun. This unisex model fits men and women, boys and girls alike \u2013 the adjustable strap ensures a comfortable fit for everyone. Adjustable size: comfortable fit for all head [&hellip;]","protected":false},"featured_media":10636,"template":"","meta":{"_acf_changed":false},"product_cat":[108],"product_tag":[],"class_list":{"0":"post-10634","1":"product","2":"type-product","3":"status-publish","4":"has-post-thumbnail","6":"product_cat-hats","8":"first","9":"instock","10":"sale","11":"taxable","12":"shipping-taxable","13":"purchasable","14":"product-type-simple"},"acf":[],"yoast_head":"<!-- This site is optimized with the Yoast SEO Premium plugin v20.9 (Yoast SEO v26.0) - https:\/\/yoast.com\/wordpress\/plugins\/seo\/ -->\n<title>ISEOMA 2025 Song and Dance Festival Dark Blue Baseball Cap | Song and Dance Celebration e-shop<\/title>\n<meta name=\"description\" content=\"ISEOMA 2025 Song and Dance Festival Dark Blue Baseball Cap \u2013 100% cotton, adjustable, unisex.\" \/>\n<meta name=\"robots\" content=\"index, follow, max-snippet:-1, max-image-preview:large, max-video-preview:-1\" \/>\n<link rel=\"canonical\" href=\"https:\/\/2025laulupidu.100kingitust.ee\/en\/iseoma-2025-song-and-dance-festival-dark-blue-baseball-cap\/\" \/>\n<meta property=\"og:locale\" content=\"en_US\" \/>\n<meta property=\"og:type\" content=\"article\" \/>\n<meta property=\"og:title\" content=\"ISEOMA 2025 Song and Dance Festival Dark Blue Baseball Cap | Song and Dance Celebration e-shop\" \/>\n<meta property=\"og:description\" content=\"Noorte Laulu- ja Tantsupeo meenepoest leiad peo s\u00e4rgid, pusad, meened, m\u00e4rgid! Saadame \u00fcle maailma!\" \/>\n<meta property=\"og:url\" content=\"https:\/\/2025laulupidu.100kingitust.ee\/en\/iseoma-2025-song-and-dance-festival-dark-blue-baseball-cap\/\" \/>\n<meta property=\"og:site_name\" content=\"Song and Dance Celebration e-shop\" \/>\n<meta property=\"article:publisher\" content=\"https:\/\/www.facebook.com\/100kingitust\" \/>\n<meta property=\"article:modified_time\" content=\"2025-12-11T12:33:53+00:00\" \/>\n<meta property=\"og:image\" content=\"https:\/\/2025laulupidu.100kingitust.ee\/wp-content\/uploads\/2025\/07\/wordpress-image-template.png\" \/>\n\t<meta property=\"og:image:width\" content=\"1000\" \/>\n\t<meta property=\"og:image:height\" content=\"1000\" \/>\n\t<meta property=\"og:image:type\" content=\"image\/png\" \/>\n<meta name=\"twitter:card\" content=\"summary_large_image\" \/>\n<script type=\"application\/ld+json\" class=\"yoast-schema-graph\">{\"@context\":\"https:\/\/schema.org\",\"@graph\":[{\"@type\":\"WebPage\",\"@id\":\"https:\/\/2025laulupidu.100kingitust.ee\/en\/iseoma-2025-song-and-dance-festival-dark-blue-baseball-cap\/\",\"url\":\"https:\/\/2025laulupidu.100kingitust.ee\/en\/iseoma-2025-song-and-dance-festival-dark-blue-baseball-cap\/\",\"name\":\"ISEOMA 2025 Song and Dance Festival Dark Blue Baseball Cap | Song and Dance Celebration e-shop\",\"isPartOf\":{\"@id\":\"https:\/\/2025laulupidu.100kingitust.ee\/en\/#website\"},\"primaryImageOfPage\":{\"@id\":\"https:\/\/2025laulupidu.100kingitust.ee\/en\/iseoma-2025-song-and-dance-festival-dark-blue-baseball-cap\/#primaryimage\"},\"image\":{\"@id\":\"https:\/\/2025laulupidu.100kingitust.ee\/en\/iseoma-2025-song-and-dance-festival-dark-blue-baseball-cap\/#primaryimage\"},\"thumbnailUrl\":\"https:\/\/2025laulupidu.100kingitust.ee\/wp-content\/uploads\/2025\/07\/wordpress-image-template.png\",\"datePublished\":\"2025-07-23T11:19:14+00:00\",\"dateModified\":\"2025-12-11T12:33:53+00:00\",\"description\":\"ISEOMA 2025 Song and Dance Festival Dark Blue Baseball Cap \u2013 100% cotton, adjustable, unisex.\",\"breadcrumb\":{\"@id\":\"https:\/\/2025laulupidu.100kingitust.ee\/en\/iseoma-2025-song-and-dance-festival-dark-blue-baseball-cap\/#breadcrumb\"},\"inLanguage\":\"en-US\",\"potentialAction\":[{\"@type\":\"ReadAction\",\"target\":[\"https:\/\/2025laulupidu.100kingitust.ee\/en\/iseoma-2025-song-and-dance-festival-dark-blue-baseball-cap\/\"]}]},{\"@type\":\"ImageObject\",\"inLanguage\":\"en-US\",\"@id\":\"https:\/\/2025laulupidu.100kingitust.ee\/en\/iseoma-2025-song-and-dance-festival-dark-blue-baseball-cap\/#primaryimage\",\"url\":\"https:\/\/2025laulupidu.100kingitust.ee\/wp-content\/uploads\/2025\/07\/wordpress-image-template.png\",\"contentUrl\":\"https:\/\/2025laulupidu.100kingitust.ee\/wp-content\/uploads\/2025\/07\/wordpress-image-template.png\",\"width\":1000,\"height\":1000,\"caption\":\"laulupidu nokkm\u00fcts\"},{\"@type\":\"BreadcrumbList\",\"@id\":\"https:\/\/2025laulupidu.100kingitust.ee\/en\/iseoma-2025-song-and-dance-festival-dark-blue-baseball-cap\/#breadcrumb\",\"itemListElement\":[{\"@type\":\"ListItem\",\"position\":1,\"name\":\"Esileht\",\"item\":\"https:\/\/2025laulupidu.100kingitust.ee\/en\/\"},{\"@type\":\"ListItem\",\"position\":2,\"name\":\"Shop\",\"item\":\"https:\/\/2025laulupidu.100kingitust.ee\/en\/shop\/\"},{\"@type\":\"ListItem\",\"position\":3,\"name\":\"ISEOMA 2025 Song and Dance Festival Dark Blue Baseball Cap\"}]},{\"@type\":\"WebSite\",\"@id\":\"https:\/\/2025laulupidu.100kingitust.ee\/en\/#website\",\"url\":\"https:\/\/2025laulupidu.100kingitust.ee\/en\/\",\"name\":\"Iseoma Laulu- ja tantsupeo meenepood\",\"description\":\"XIII Youth Song and Dance Celebration webshop\",\"publisher\":{\"@id\":\"https:\/\/2025laulupidu.100kingitust.ee\/en\/#organization\"},\"alternateName\":\"2025 Noorte Laulu- ja Tantsupeo meenepood\",\"potentialAction\":[{\"@type\":\"SearchAction\",\"target\":{\"@type\":\"EntryPoint\",\"urlTemplate\":\"https:\/\/2025laulupidu.100kingitust.ee\/en\/?s={search_term_string}\"},\"query-input\":{\"@type\":\"PropertyValueSpecification\",\"valueRequired\":true,\"valueName\":\"search_term_string\"}}],\"inLanguage\":\"en-US\"},{\"@type\":\"Organization\",\"@id\":\"https:\/\/2025laulupidu.100kingitust.ee\/en\/#organization\",\"name\":\"Meremuuseumi e-pood\",\"alternateName\":\"Laulu- ja Tantsupeo SA\",\"url\":\"https:\/\/2025laulupidu.100kingitust.ee\/en\/\",\"logo\":{\"@type\":\"ImageObject\",\"inLanguage\":\"en-US\",\"@id\":\"https:\/\/2025laulupidu.100kingitust.ee\/en\/#\/schema\/logo\/image\/\",\"url\":\"https:\/\/2025laulupidu.100kingitust.ee\/wp-content\/uploads\/2024\/09\/logo-new.png\",\"contentUrl\":\"https:\/\/2025laulupidu.100kingitust.ee\/wp-content\/uploads\/2024\/09\/logo-new.png\",\"width\":455,\"height\":186,\"caption\":\"Meremuuseumi e-pood\"},\"image\":{\"@id\":\"https:\/\/2025laulupidu.100kingitust.ee\/en\/#\/schema\/logo\/image\/\"},\"sameAs\":[\"https:\/\/www.facebook.com\/100kingitust\"]}]}<\/script>\n<!-- \/ Yoast SEO Premium plugin. -->","yoast_head_json":{"title":"ISEOMA 2025 Song and Dance Festival Dark Blue Baseball Cap | Song and Dance Celebration e-shop","description":"ISEOMA 2025 Song and Dance Festival Dark Blue Baseball Cap \u2013 100% cotton, adjustable, unisex.","robots":{"index":"index","follow":"follow","max-snippet":"max-snippet:-1","max-image-preview":"max-image-preview:large","max-video-preview":"max-video-preview:-1"},"canonical":"https:\/\/2025laulupidu.100kingitust.ee\/en\/iseoma-2025-song-and-dance-festival-dark-blue-baseball-cap\/","og_locale":"en_US","og_type":"article","og_title":"ISEOMA 2025 Song and Dance Festival Dark Blue Baseball Cap | Song and Dance Celebration e-shop","og_description":"Noorte Laulu- ja Tantsupeo meenepoest leiad peo s\u00e4rgid, pusad, meened, m\u00e4rgid! Saadame \u00fcle maailma!","og_url":"https:\/\/2025laulupidu.100kingitust.ee\/en\/iseoma-2025-song-and-dance-festival-dark-blue-baseball-cap\/","og_site_name":"Song and Dance Celebration e-shop","article_publisher":"https:\/\/www.facebook.com\/100kingitust","article_modified_time":"2025-12-11T12:33:53+00:00","og_image":[{"width":1000,"height":1000,"url":"https:\/\/2025laulupidu.100kingitust.ee\/wp-content\/uploads\/2025\/07\/wordpress-image-template.png","type":"image\/png"}],"twitter_card":"summary_large_image","schema":{"@context":"https:\/\/schema.org","@graph":[{"@type":"WebPage","@id":"https:\/\/2025laulupidu.100kingitust.ee\/en\/iseoma-2025-song-and-dance-festival-dark-blue-baseball-cap\/","url":"https:\/\/2025laulupidu.100kingitust.ee\/en\/iseoma-2025-song-and-dance-festival-dark-blue-baseball-cap\/","name":"ISEOMA 2025 Song and Dance Festival Dark Blue Baseball Cap | Song and Dance Celebration e-shop","isPartOf":{"@id":"https:\/\/2025laulupidu.100kingitust.ee\/en\/#website"},"primaryImageOfPage":{"@id":"https:\/\/2025laulupidu.100kingitust.ee\/en\/iseoma-2025-song-and-dance-festival-dark-blue-baseball-cap\/#primaryimage"},"image":{"@id":"https:\/\/2025laulupidu.100kingitust.ee\/en\/iseoma-2025-song-and-dance-festival-dark-blue-baseball-cap\/#primaryimage"},"thumbnailUrl":"https:\/\/2025laulupidu.100kingitust.ee\/wp-content\/uploads\/2025\/07\/wordpress-image-template.png","datePublished":"2025-07-23T11:19:14+00:00","dateModified":"2025-12-11T12:33:53+00:00","description":"ISEOMA 2025 Song and Dance Festival Dark Blue Baseball Cap \u2013 100% cotton, adjustable, unisex.","breadcrumb":{"@id":"https:\/\/2025laulupidu.100kingitust.ee\/en\/iseoma-2025-song-and-dance-festival-dark-blue-baseball-cap\/#breadcrumb"},"inLanguage":"en-US","potentialAction":[{"@type":"ReadAction","target":["https:\/\/2025laulupidu.100kingitust.ee\/en\/iseoma-2025-song-and-dance-festival-dark-blue-baseball-cap\/"]}]},{"@type":"ImageObject","inLanguage":"en-US","@id":"https:\/\/2025laulupidu.100kingitust.ee\/en\/iseoma-2025-song-and-dance-festival-dark-blue-baseball-cap\/#primaryimage","url":"https:\/\/2025laulupidu.100kingitust.ee\/wp-content\/uploads\/2025\/07\/wordpress-image-template.png","contentUrl":"https:\/\/2025laulupidu.100kingitust.ee\/wp-content\/uploads\/2025\/07\/wordpress-image-template.png","width":1000,"height":1000,"caption":"laulupidu nokkm\u00fcts"},{"@type":"BreadcrumbList","@id":"https:\/\/2025laulupidu.100kingitust.ee\/en\/iseoma-2025-song-and-dance-festival-dark-blue-baseball-cap\/#breadcrumb","itemListElement":[{"@type":"ListItem","position":1,"name":"Esileht","item":"https:\/\/2025laulupidu.100kingitust.ee\/en\/"},{"@type":"ListItem","position":2,"name":"Shop","item":"https:\/\/2025laulupidu.100kingitust.ee\/en\/shop\/"},{"@type":"ListItem","position":3,"name":"ISEOMA 2025 Song and Dance Festival Dark Blue Baseball Cap"}]},{"@type":"WebSite","@id":"https:\/\/2025laulupidu.100kingitust.ee\/en\/#website","url":"https:\/\/2025laulupidu.100kingitust.ee\/en\/","name":"Iseoma Laulu- ja tantsupeo meenepood","description":"XIII Youth Song and Dance Celebration webshop","publisher":{"@id":"https:\/\/2025laulupidu.100kingitust.ee\/en\/#organization"},"alternateName":"2025 Noorte Laulu- ja Tantsupeo meenepood","potentialAction":[{"@type":"SearchAction","target":{"@type":"EntryPoint","urlTemplate":"https:\/\/2025laulupidu.100kingitust.ee\/en\/?s={search_term_string}"},"query-input":{"@type":"PropertyValueSpecification","valueRequired":true,"valueName":"search_term_string"}}],"inLanguage":"en-US"},{"@type":"Organization","@id":"https:\/\/2025laulupidu.100kingitust.ee\/en\/#organization","name":"Meremuuseumi e-pood","alternateName":"Laulu- ja Tantsupeo SA","url":"https:\/\/2025laulupidu.100kingitust.ee\/en\/","logo":{"@type":"ImageObject","inLanguage":"en-US","@id":"https:\/\/2025laulupidu.100kingitust.ee\/en\/#\/schema\/logo\/image\/","url":"https:\/\/2025laulupidu.100kingitust.ee\/wp-content\/uploads\/2024\/09\/logo-new.png","contentUrl":"https:\/\/2025laulupidu.100kingitust.ee\/wp-content\/uploads\/2024\/09\/logo-new.png","width":455,"height":186,"caption":"Meremuuseumi e-pood"},"image":{"@id":"https:\/\/2025laulupidu.100kingitust.ee\/en\/#\/schema\/logo\/image\/"},"sameAs":["https:\/\/www.facebook.com\/100kingitust"]}]}},"_links":{"self":[{"href":"https:\/\/2025laulupidu.100kingitust.ee\/en\/wp-json\/wp\/v2\/product\/10634","targetHints":{"allow":["GET"]}}],"collection":[{"href":"https:\/\/2025laulupidu.100kingitust.ee\/en\/wp-json\/wp\/v2\/product"}],"about":[{"href":"https:\/\/2025laulupidu.100kingitust.ee\/en\/wp-json\/wp\/v2\/types\/product"}],"wp:featuredmedia":[{"embeddable":true,"href":"https:\/\/2025laulupidu.100kingitust.ee\/en\/wp-json\/wp\/v2\/media\/10636"}],"wp:attachment":[{"href":"https:\/\/2025laulupidu.100kingitust.ee\/en\/wp-json\/wp\/v2\/media?parent=10634"}],"wp:term":[{"taxonomy":"product_cat","embeddable":true,"href":"https:\/\/2025laulupidu.100kingitust.ee\/en\/wp-json\/wp\/v2\/product_cat?post=10634"},{"taxonomy":"product_tag","embeddable":true,"href":"https:\/\/2025laulupidu.100kingitust.ee\/en\/wp-json\/wp\/v2\/product_tag?post=10634"}],"curies":[{"name":"wp","href":"https:\/\/api.w.org\/{rel}","templated":true}]}}