{"id":6033,"date":"2023-04-26T18:34:56","date_gmt":"2023-04-26T13:34:56","guid":{"rendered":"https:\/\/2023laulupidu.100kingitust.ee\/kriss-red-cotton-knee-highs\/"},"modified":"2023-04-26T18:34:56","modified_gmt":"2023-04-26T13:34:56","slug":"kriss-red-cotton-knee-highs","status":"publish","type":"product","link":"https:\/\/2025laulupidu.100kingitust.ee\/en\/kriss-red-cotton-knee-highs\/","title":{"rendered":"KRISS red cotton knee highs"},"content":{"rendered":"<p>Cotton knee highs<br \/>\nComfortable and stretchy<br \/>\nSuitable for wearing also with folk dance skirts\/trousers!<br \/>\nColour: red<br \/>\nComposition: 80% cotton, 15% elastane, 5% polyamide<\/p>\n","protected":false},"excerpt":{"rendered":"Cotton knee highs Comfortable and stretchy Suitable for wearing also with folk dance skirts\/trousers! Colour: red Composition: 80% cotton, 15% elastane, 5% polyamide","protected":false},"featured_media":5977,"template":"","meta":{"_acf_changed":false},"product_cat":[225,144,226],"product_tag":[],"class_list":{"0":"post-6033","1":"product","2":"type-product","3":"status-publish","4":"has-post-thumbnail","6":"product_cat-clothing","7":"product_cat-socks","8":"product_cat-all-products","10":"first","11":"instock","12":"taxable","13":"shipping-taxable","14":"purchasable","15":"product-type-variable"},"acf":[],"yoast_head":"<!-- This site is optimized with the Yoast SEO Premium plugin v20.9 (Yoast SEO v26.0) - https:\/\/yoast.com\/wordpress\/plugins\/seo\/ -->\n<title>KRISS red cotton knee highs | Song and Dance Celebration e-shop<\/title>\n<meta name=\"description\" content=\"Lennusadama ja Paks Margareeta e-poest leiad parimad kingiideed meres\u00f5brale, kalamehele. Mereteemalised aksessuaarid\" \/>\n<meta name=\"robots\" content=\"index, follow, max-snippet:-1, max-image-preview:large, max-video-preview:-1\" \/>\n<link rel=\"canonical\" href=\"https:\/\/2025laulupidu.100kingitust.ee\/en\/kriss-red-cotton-knee-highs\/\" \/>\n<meta property=\"og:locale\" content=\"en_US\" \/>\n<meta property=\"og:type\" content=\"article\" \/>\n<meta property=\"og:title\" content=\"KRISS red cotton knee highs | Song and Dance Celebration e-shop\" \/>\n<meta property=\"og:description\" content=\"Noorte Laulu- ja Tantsupeo meenepoest leiad peo s\u00e4rgid, pusad, meened, m\u00e4rgid! Saadame \u00fcle maailma!\" \/>\n<meta property=\"og:url\" content=\"https:\/\/2025laulupidu.100kingitust.ee\/en\/kriss-red-cotton-knee-highs\/\" \/>\n<meta property=\"og:site_name\" content=\"Song and Dance Celebration e-shop\" \/>\n<meta property=\"article:publisher\" content=\"https:\/\/www.facebook.com\/100kingitust\" \/>\n<meta property=\"og:image\" content=\"https:\/\/2025laulupidu.100kingitust.ee\/wp-content\/uploads\/2023\/04\/mg_8179_3.jpg\" \/>\n\t<meta property=\"og:image:width\" content=\"1707\" \/>\n\t<meta property=\"og:image:height\" content=\"2560\" \/>\n\t<meta property=\"og:image:type\" content=\"image\/jpeg\" \/>\n<meta name=\"twitter:card\" content=\"summary_large_image\" \/>\n<script type=\"application\/ld+json\" class=\"yoast-schema-graph\">{\"@context\":\"https:\/\/schema.org\",\"@graph\":[{\"@type\":\"WebPage\",\"@id\":\"https:\/\/2025laulupidu.100kingitust.ee\/en\/kriss-red-cotton-knee-highs\/\",\"url\":\"https:\/\/2025laulupidu.100kingitust.ee\/en\/kriss-red-cotton-knee-highs\/\",\"name\":\"KRISS red cotton knee highs | Song and Dance Celebration e-shop\",\"isPartOf\":{\"@id\":\"https:\/\/2025laulupidu.100kingitust.ee\/en\/#website\"},\"primaryImageOfPage\":{\"@id\":\"https:\/\/2025laulupidu.100kingitust.ee\/en\/kriss-red-cotton-knee-highs\/#primaryimage\"},\"image\":{\"@id\":\"https:\/\/2025laulupidu.100kingitust.ee\/en\/kriss-red-cotton-knee-highs\/#primaryimage\"},\"thumbnailUrl\":\"https:\/\/2025laulupidu.100kingitust.ee\/wp-content\/uploads\/2023\/04\/mg_8179_3.jpg\",\"datePublished\":\"2023-04-26T13:34:56+00:00\",\"description\":\"Lennusadama ja Paks Margareeta e-poest leiad parimad kingiideed meres\u00f5brale, kalamehele. Mereteemalised aksessuaarid\",\"breadcrumb\":{\"@id\":\"https:\/\/2025laulupidu.100kingitust.ee\/en\/kriss-red-cotton-knee-highs\/#breadcrumb\"},\"inLanguage\":\"en-US\",\"potentialAction\":[{\"@type\":\"ReadAction\",\"target\":[\"https:\/\/2025laulupidu.100kingitust.ee\/en\/kriss-red-cotton-knee-highs\/\"]}]},{\"@type\":\"ImageObject\",\"inLanguage\":\"en-US\",\"@id\":\"https:\/\/2025laulupidu.100kingitust.ee\/en\/kriss-red-cotton-knee-highs\/#primaryimage\",\"url\":\"https:\/\/2025laulupidu.100kingitust.ee\/wp-content\/uploads\/2023\/04\/mg_8179_3.jpg\",\"contentUrl\":\"https:\/\/2025laulupidu.100kingitust.ee\/wp-content\/uploads\/2023\/04\/mg_8179_3.jpg\",\"width\":1707,\"height\":2560,\"caption\":\"kriss punased p\u00f5lvikud\"},{\"@type\":\"BreadcrumbList\",\"@id\":\"https:\/\/2025laulupidu.100kingitust.ee\/en\/kriss-red-cotton-knee-highs\/#breadcrumb\",\"itemListElement\":[{\"@type\":\"ListItem\",\"position\":1,\"name\":\"Esileht\",\"item\":\"https:\/\/2025laulupidu.100kingitust.ee\/en\/\"},{\"@type\":\"ListItem\",\"position\":2,\"name\":\"Shop\",\"item\":\"https:\/\/2025laulupidu.100kingitust.ee\/en\/shop\/\"},{\"@type\":\"ListItem\",\"position\":3,\"name\":\"KRISS red cotton knee highs\"}]},{\"@type\":\"WebSite\",\"@id\":\"https:\/\/2025laulupidu.100kingitust.ee\/en\/#website\",\"url\":\"https:\/\/2025laulupidu.100kingitust.ee\/en\/\",\"name\":\"Iseoma Laulu- ja tantsupeo meenepood\",\"description\":\"XIII Youth Song and Dance Celebration webshop\",\"publisher\":{\"@id\":\"https:\/\/2025laulupidu.100kingitust.ee\/en\/#organization\"},\"alternateName\":\"2025 Noorte Laulu- ja Tantsupeo meenepood\",\"potentialAction\":[{\"@type\":\"SearchAction\",\"target\":{\"@type\":\"EntryPoint\",\"urlTemplate\":\"https:\/\/2025laulupidu.100kingitust.ee\/en\/?s={search_term_string}\"},\"query-input\":{\"@type\":\"PropertyValueSpecification\",\"valueRequired\":true,\"valueName\":\"search_term_string\"}}],\"inLanguage\":\"en-US\"},{\"@type\":\"Organization\",\"@id\":\"https:\/\/2025laulupidu.100kingitust.ee\/en\/#organization\",\"name\":\"Meremuuseumi e-pood\",\"alternateName\":\"Laulu- ja Tantsupeo SA\",\"url\":\"https:\/\/2025laulupidu.100kingitust.ee\/en\/\",\"logo\":{\"@type\":\"ImageObject\",\"inLanguage\":\"en-US\",\"@id\":\"https:\/\/2025laulupidu.100kingitust.ee\/en\/#\/schema\/logo\/image\/\",\"url\":\"https:\/\/2025laulupidu.100kingitust.ee\/wp-content\/uploads\/2024\/09\/logo-new.png\",\"contentUrl\":\"https:\/\/2025laulupidu.100kingitust.ee\/wp-content\/uploads\/2024\/09\/logo-new.png\",\"width\":455,\"height\":186,\"caption\":\"Meremuuseumi e-pood\"},\"image\":{\"@id\":\"https:\/\/2025laulupidu.100kingitust.ee\/en\/#\/schema\/logo\/image\/\"},\"sameAs\":[\"https:\/\/www.facebook.com\/100kingitust\"]}]}<\/script>\n<!-- \/ Yoast SEO Premium plugin. -->","yoast_head_json":{"title":"KRISS red cotton knee highs | Song and Dance Celebration e-shop","description":"Lennusadama ja Paks Margareeta e-poest leiad parimad kingiideed meres\u00f5brale, kalamehele. Mereteemalised aksessuaarid","robots":{"index":"index","follow":"follow","max-snippet":"max-snippet:-1","max-image-preview":"max-image-preview:large","max-video-preview":"max-video-preview:-1"},"canonical":"https:\/\/2025laulupidu.100kingitust.ee\/en\/kriss-red-cotton-knee-highs\/","og_locale":"en_US","og_type":"article","og_title":"KRISS red cotton knee highs | Song and Dance Celebration e-shop","og_description":"Noorte Laulu- ja Tantsupeo meenepoest leiad peo s\u00e4rgid, pusad, meened, m\u00e4rgid! Saadame \u00fcle maailma!","og_url":"https:\/\/2025laulupidu.100kingitust.ee\/en\/kriss-red-cotton-knee-highs\/","og_site_name":"Song and Dance Celebration e-shop","article_publisher":"https:\/\/www.facebook.com\/100kingitust","og_image":[{"width":1707,"height":2560,"url":"https:\/\/2025laulupidu.100kingitust.ee\/wp-content\/uploads\/2023\/04\/mg_8179_3.jpg","type":"image\/jpeg"}],"twitter_card":"summary_large_image","schema":{"@context":"https:\/\/schema.org","@graph":[{"@type":"WebPage","@id":"https:\/\/2025laulupidu.100kingitust.ee\/en\/kriss-red-cotton-knee-highs\/","url":"https:\/\/2025laulupidu.100kingitust.ee\/en\/kriss-red-cotton-knee-highs\/","name":"KRISS red cotton knee highs | Song and Dance Celebration e-shop","isPartOf":{"@id":"https:\/\/2025laulupidu.100kingitust.ee\/en\/#website"},"primaryImageOfPage":{"@id":"https:\/\/2025laulupidu.100kingitust.ee\/en\/kriss-red-cotton-knee-highs\/#primaryimage"},"image":{"@id":"https:\/\/2025laulupidu.100kingitust.ee\/en\/kriss-red-cotton-knee-highs\/#primaryimage"},"thumbnailUrl":"https:\/\/2025laulupidu.100kingitust.ee\/wp-content\/uploads\/2023\/04\/mg_8179_3.jpg","datePublished":"2023-04-26T13:34:56+00:00","description":"Lennusadama ja Paks Margareeta e-poest leiad parimad kingiideed meres\u00f5brale, kalamehele. Mereteemalised aksessuaarid","breadcrumb":{"@id":"https:\/\/2025laulupidu.100kingitust.ee\/en\/kriss-red-cotton-knee-highs\/#breadcrumb"},"inLanguage":"en-US","potentialAction":[{"@type":"ReadAction","target":["https:\/\/2025laulupidu.100kingitust.ee\/en\/kriss-red-cotton-knee-highs\/"]}]},{"@type":"ImageObject","inLanguage":"en-US","@id":"https:\/\/2025laulupidu.100kingitust.ee\/en\/kriss-red-cotton-knee-highs\/#primaryimage","url":"https:\/\/2025laulupidu.100kingitust.ee\/wp-content\/uploads\/2023\/04\/mg_8179_3.jpg","contentUrl":"https:\/\/2025laulupidu.100kingitust.ee\/wp-content\/uploads\/2023\/04\/mg_8179_3.jpg","width":1707,"height":2560,"caption":"kriss punased p\u00f5lvikud"},{"@type":"BreadcrumbList","@id":"https:\/\/2025laulupidu.100kingitust.ee\/en\/kriss-red-cotton-knee-highs\/#breadcrumb","itemListElement":[{"@type":"ListItem","position":1,"name":"Esileht","item":"https:\/\/2025laulupidu.100kingitust.ee\/en\/"},{"@type":"ListItem","position":2,"name":"Shop","item":"https:\/\/2025laulupidu.100kingitust.ee\/en\/shop\/"},{"@type":"ListItem","position":3,"name":"KRISS red cotton knee highs"}]},{"@type":"WebSite","@id":"https:\/\/2025laulupidu.100kingitust.ee\/en\/#website","url":"https:\/\/2025laulupidu.100kingitust.ee\/en\/","name":"Iseoma Laulu- ja tantsupeo meenepood","description":"XIII Youth Song and Dance Celebration webshop","publisher":{"@id":"https:\/\/2025laulupidu.100kingitust.ee\/en\/#organization"},"alternateName":"2025 Noorte Laulu- ja Tantsupeo meenepood","potentialAction":[{"@type":"SearchAction","target":{"@type":"EntryPoint","urlTemplate":"https:\/\/2025laulupidu.100kingitust.ee\/en\/?s={search_term_string}"},"query-input":{"@type":"PropertyValueSpecification","valueRequired":true,"valueName":"search_term_string"}}],"inLanguage":"en-US"},{"@type":"Organization","@id":"https:\/\/2025laulupidu.100kingitust.ee\/en\/#organization","name":"Meremuuseumi e-pood","alternateName":"Laulu- ja Tantsupeo SA","url":"https:\/\/2025laulupidu.100kingitust.ee\/en\/","logo":{"@type":"ImageObject","inLanguage":"en-US","@id":"https:\/\/2025laulupidu.100kingitust.ee\/en\/#\/schema\/logo\/image\/","url":"https:\/\/2025laulupidu.100kingitust.ee\/wp-content\/uploads\/2024\/09\/logo-new.png","contentUrl":"https:\/\/2025laulupidu.100kingitust.ee\/wp-content\/uploads\/2024\/09\/logo-new.png","width":455,"height":186,"caption":"Meremuuseumi e-pood"},"image":{"@id":"https:\/\/2025laulupidu.100kingitust.ee\/en\/#\/schema\/logo\/image\/"},"sameAs":["https:\/\/www.facebook.com\/100kingitust"]}]}},"_links":{"self":[{"href":"https:\/\/2025laulupidu.100kingitust.ee\/en\/wp-json\/wp\/v2\/product\/6033","targetHints":{"allow":["GET"]}}],"collection":[{"href":"https:\/\/2025laulupidu.100kingitust.ee\/en\/wp-json\/wp\/v2\/product"}],"about":[{"href":"https:\/\/2025laulupidu.100kingitust.ee\/en\/wp-json\/wp\/v2\/types\/product"}],"wp:featuredmedia":[{"embeddable":true,"href":"https:\/\/2025laulupidu.100kingitust.ee\/en\/wp-json\/wp\/v2\/media\/5977"}],"wp:attachment":[{"href":"https:\/\/2025laulupidu.100kingitust.ee\/en\/wp-json\/wp\/v2\/media?parent=6033"}],"wp:term":[{"taxonomy":"product_cat","embeddable":true,"href":"https:\/\/2025laulupidu.100kingitust.ee\/en\/wp-json\/wp\/v2\/product_cat?post=6033"},{"taxonomy":"product_tag","embeddable":true,"href":"https:\/\/2025laulupidu.100kingitust.ee\/en\/wp-json\/wp\/v2\/product_tag?post=6033"}],"curies":[{"name":"wp","href":"https:\/\/api.w.org\/{rel}","templated":true}]}}