{"id":6048,"date":"2023-04-21T17:43:15","date_gmt":"2023-04-21T12:43:15","guid":{"rendered":"https:\/\/2023laulupidu.100kingitust.ee\/ecocare-3d-40den-white-womens-tights-for-folk-clothes\/"},"modified":"2025-04-27T13:09:52","modified_gmt":"2025-04-27T11:09:52","slug":"ecocare-3d-40den-white-womens-tights-for-folk-clothes","status":"publish","type":"product","link":"https:\/\/2025laulupidu.100kingitust.ee\/en\/ecocare-3d-40den-white-womens-tights-for-folk-clothes\/","title":{"rendered":"ECOCARE 3D 40DEN white women&#8217;s tights for folk clothes"},"content":{"rendered":"<div class=\"product-info-price\">\n<div class=\"product attribute short_description\">\n<div class=\"value\">\n<p>SUSTAINABLE AND ECO-FRIENDLY TIGHTS. These are the tights that we believe in. We are trying hard to keep the world a cleaner and better place. We have acknowledged the fact that hosiery and tights can stay in nature for a long time and the production of such products uses a lot of resources. Throughout the years our loyal customers have requested products that have been produced sustainably and thus we&#8217;ve created a line which supports a greener way of living and helps to minimize the use of resources. That&#8217;s why we believe in our ECOCARE line and hope that you also will become a fan of these amazing tights!<\/p>\n<p>WHAT IS IT? NILIT\u00ae Ecocare nylon yarn is produced in a way that reuses the residue from the production of regular tights. Through reusing the excess material, a new fiber is created while saving water, material and minimalizing the amount of waste. We care about the environment and NILIT\u00ae Ecocare tights are just perfect for combining a sustainable way of living and the development of the science behind the production of socks and tights.<\/p>\n<p>HOW MUCH DOES IT SAVE? You may wonder how much material and water are saved through the production of our ECOCARE line.<br \/>\nTo create a visual, here are some numbers per 1 ton of produced yarn:<br \/>\n&#8211; 6194kw of saved energy, which is 87,6% less than in regular production.<br \/>\n&#8211; 18 cubic meter of saved water.<br \/>\nTotal: 55% fewer resources<\/p>\n<p>QUALITY &#8211; our Ecocare tights are made to last. These 40DEN tights come in a wide size range &#8211; from S to 2XL and when chosen a correct size, they fit perfectly without creating a muffin-top effect. Thanks to the strong and lasting material, there is no need to buy new tights as frequently, which gives yet another amazing reason to try out our eco-friendly Ecocare tights!<\/p>\n<p>Colour: white<br \/>\n40DEN<br \/>\nComposition: 91% polyamide, 9% elastane<\/p>\n<\/div>\n<\/div>\n<\/div>\n<div class=\"product-add-form\">\n<form id=\"product_addtocart_form\" action=\"https:\/\/www.sokisahtel.net\/en\/checkout\/cart\/add\/uenc\/aHR0cHM6Ly93d3cuc29raXNhaHRlbC5uZXQvZW4vZWNvY2FyZS0zZC00MGRlbi13aGl0ZS13b21lbi1zLXRpZ2h0cy1mb3ItbmF0aW9uYWwtY2xvdGhlcw%2C%2C\/product\/32550\/\" method=\"post\" novalidate=\"novalidate\" data-product-sku=\"ECOCARE40white.\">\n<div id=\"product-options-wrapper\" class=\"product-options-wrapper\" data-hasrequired=\"* Required Fields\">\n<div class=\"fieldset\" tabindex=\"0\">\n<div class=\"swatch-opt\" data-role=\"swatch-options\" data-rendered=\"true\"><\/div>\n<\/div>\n<\/div>\n<\/form>\n<\/div>\n","protected":false},"excerpt":{"rendered":"SUSTAINABLE AND ECO-FRIENDLY TIGHTS. These are the tights that we believe in. We are trying hard to keep the world a cleaner and better place. We have acknowledged the fact that hosiery and tights can stay in nature for a long time and the production of such products uses a lot of resources. Throughout the [&hellip;]","protected":false},"featured_media":5940,"template":"","meta":{"_acf_changed":false},"product_cat":[225,144,226],"product_tag":[],"class_list":{"0":"post-6048","1":"product","2":"type-product","3":"status-publish","4":"has-post-thumbnail","6":"product_cat-clothing","7":"product_cat-socks","8":"product_cat-all-products","10":"first","11":"instock","12":"taxable","13":"shipping-taxable","14":"purchasable","15":"product-type-variable"},"acf":[],"yoast_head":"<!-- This site is optimized with the Yoast SEO Premium plugin v20.9 (Yoast SEO v26.0) - https:\/\/yoast.com\/wordpress\/plugins\/seo\/ -->\n<title>ECOCARE 3D 40DEN white women&#039;s tights for folk clothes | Song and Dance Celebration e-shop<\/title>\n<meta name=\"description\" content=\"Lennusadama ja Paks Margareeta e-poest leiad parimad kingiideed meres\u00f5brale, kalamehele. Mereteemalised aksessuaarid\" \/>\n<meta name=\"robots\" content=\"index, follow, max-snippet:-1, max-image-preview:large, max-video-preview:-1\" \/>\n<link rel=\"canonical\" href=\"https:\/\/2025laulupidu.100kingitust.ee\/en\/ecocare-3d-40den-white-womens-tights-for-folk-clothes\/\" \/>\n<meta property=\"og:locale\" content=\"en_US\" \/>\n<meta property=\"og:type\" content=\"article\" \/>\n<meta property=\"og:title\" content=\"ECOCARE 3D 40DEN white women&#039;s tights for folk clothes | Song and Dance Celebration e-shop\" \/>\n<meta property=\"og:description\" content=\"Noorte Laulu- ja Tantsupeo meenepoest leiad peo s\u00e4rgid, pusad, meened, m\u00e4rgid! Saadame \u00fcle maailma!\" \/>\n<meta property=\"og:url\" content=\"https:\/\/2025laulupidu.100kingitust.ee\/en\/ecocare-3d-40den-white-womens-tights-for-folk-clothes\/\" \/>\n<meta property=\"og:site_name\" content=\"Song and Dance Celebration e-shop\" \/>\n<meta property=\"article:publisher\" content=\"https:\/\/www.facebook.com\/100kingitust\" \/>\n<meta property=\"article:modified_time\" content=\"2025-04-27T11:09:52+00:00\" \/>\n<meta property=\"og:image\" content=\"https:\/\/2025laulupidu.100kingitust.ee\/wp-content\/uploads\/2023\/04\/ecocarewhitec.jpg\" \/>\n\t<meta property=\"og:image:width\" content=\"1200\" \/>\n\t<meta property=\"og:image:height\" content=\"1800\" \/>\n\t<meta property=\"og:image:type\" content=\"image\/jpeg\" \/>\n<meta name=\"twitter:card\" content=\"summary_large_image\" \/>\n<meta name=\"twitter:label1\" content=\"Est. reading time\" \/>\n\t<meta name=\"twitter:data1\" content=\"2 minutes\" \/>\n<script type=\"application\/ld+json\" class=\"yoast-schema-graph\">{\"@context\":\"https:\/\/schema.org\",\"@graph\":[{\"@type\":\"WebPage\",\"@id\":\"https:\/\/2025laulupidu.100kingitust.ee\/en\/ecocare-3d-40den-white-womens-tights-for-folk-clothes\/\",\"url\":\"https:\/\/2025laulupidu.100kingitust.ee\/en\/ecocare-3d-40den-white-womens-tights-for-folk-clothes\/\",\"name\":\"ECOCARE 3D 40DEN white women's tights for folk clothes | Song and Dance Celebration e-shop\",\"isPartOf\":{\"@id\":\"https:\/\/2025laulupidu.100kingitust.ee\/en\/#website\"},\"primaryImageOfPage\":{\"@id\":\"https:\/\/2025laulupidu.100kingitust.ee\/en\/ecocare-3d-40den-white-womens-tights-for-folk-clothes\/#primaryimage\"},\"image\":{\"@id\":\"https:\/\/2025laulupidu.100kingitust.ee\/en\/ecocare-3d-40den-white-womens-tights-for-folk-clothes\/#primaryimage\"},\"thumbnailUrl\":\"https:\/\/2025laulupidu.100kingitust.ee\/wp-content\/uploads\/2023\/04\/ecocarewhitec.jpg\",\"datePublished\":\"2023-04-21T12:43:15+00:00\",\"dateModified\":\"2025-04-27T11:09:52+00:00\",\"description\":\"Lennusadama ja Paks Margareeta e-poest leiad parimad kingiideed meres\u00f5brale, kalamehele. Mereteemalised aksessuaarid\",\"breadcrumb\":{\"@id\":\"https:\/\/2025laulupidu.100kingitust.ee\/en\/ecocare-3d-40den-white-womens-tights-for-folk-clothes\/#breadcrumb\"},\"inLanguage\":\"en-US\",\"potentialAction\":[{\"@type\":\"ReadAction\",\"target\":[\"https:\/\/2025laulupidu.100kingitust.ee\/en\/ecocare-3d-40den-white-womens-tights-for-folk-clothes\/\"]}]},{\"@type\":\"ImageObject\",\"inLanguage\":\"en-US\",\"@id\":\"https:\/\/2025laulupidu.100kingitust.ee\/en\/ecocare-3d-40den-white-womens-tights-for-folk-clothes\/#primaryimage\",\"url\":\"https:\/\/2025laulupidu.100kingitust.ee\/wp-content\/uploads\/2023\/04\/ecocarewhitec.jpg\",\"contentUrl\":\"https:\/\/2025laulupidu.100kingitust.ee\/wp-content\/uploads\/2023\/04\/ecocarewhitec.jpg\",\"width\":1200,\"height\":1800},{\"@type\":\"BreadcrumbList\",\"@id\":\"https:\/\/2025laulupidu.100kingitust.ee\/en\/ecocare-3d-40den-white-womens-tights-for-folk-clothes\/#breadcrumb\",\"itemListElement\":[{\"@type\":\"ListItem\",\"position\":1,\"name\":\"Esileht\",\"item\":\"https:\/\/2025laulupidu.100kingitust.ee\/en\/\"},{\"@type\":\"ListItem\",\"position\":2,\"name\":\"Shop\",\"item\":\"https:\/\/2025laulupidu.100kingitust.ee\/en\/shop\/\"},{\"@type\":\"ListItem\",\"position\":3,\"name\":\"ECOCARE 3D 40DEN white women&#8217;s tights for folk clothes\"}]},{\"@type\":\"WebSite\",\"@id\":\"https:\/\/2025laulupidu.100kingitust.ee\/en\/#website\",\"url\":\"https:\/\/2025laulupidu.100kingitust.ee\/en\/\",\"name\":\"Iseoma Laulu- ja tantsupeo meenepood\",\"description\":\"XIII Youth Song and Dance Celebration webshop\",\"publisher\":{\"@id\":\"https:\/\/2025laulupidu.100kingitust.ee\/en\/#organization\"},\"alternateName\":\"2025 Noorte Laulu- ja Tantsupeo meenepood\",\"potentialAction\":[{\"@type\":\"SearchAction\",\"target\":{\"@type\":\"EntryPoint\",\"urlTemplate\":\"https:\/\/2025laulupidu.100kingitust.ee\/en\/?s={search_term_string}\"},\"query-input\":{\"@type\":\"PropertyValueSpecification\",\"valueRequired\":true,\"valueName\":\"search_term_string\"}}],\"inLanguage\":\"en-US\"},{\"@type\":\"Organization\",\"@id\":\"https:\/\/2025laulupidu.100kingitust.ee\/en\/#organization\",\"name\":\"Meremuuseumi e-pood\",\"alternateName\":\"Laulu- ja Tantsupeo SA\",\"url\":\"https:\/\/2025laulupidu.100kingitust.ee\/en\/\",\"logo\":{\"@type\":\"ImageObject\",\"inLanguage\":\"en-US\",\"@id\":\"https:\/\/2025laulupidu.100kingitust.ee\/en\/#\/schema\/logo\/image\/\",\"url\":\"https:\/\/2025laulupidu.100kingitust.ee\/wp-content\/uploads\/2024\/09\/logo-new.png\",\"contentUrl\":\"https:\/\/2025laulupidu.100kingitust.ee\/wp-content\/uploads\/2024\/09\/logo-new.png\",\"width\":455,\"height\":186,\"caption\":\"Meremuuseumi e-pood\"},\"image\":{\"@id\":\"https:\/\/2025laulupidu.100kingitust.ee\/en\/#\/schema\/logo\/image\/\"},\"sameAs\":[\"https:\/\/www.facebook.com\/100kingitust\"]}]}<\/script>\n<!-- \/ Yoast SEO Premium plugin. -->","yoast_head_json":{"title":"ECOCARE 3D 40DEN white women's tights for folk clothes | Song and Dance Celebration e-shop","description":"Lennusadama ja Paks Margareeta e-poest leiad parimad kingiideed meres\u00f5brale, kalamehele. Mereteemalised aksessuaarid","robots":{"index":"index","follow":"follow","max-snippet":"max-snippet:-1","max-image-preview":"max-image-preview:large","max-video-preview":"max-video-preview:-1"},"canonical":"https:\/\/2025laulupidu.100kingitust.ee\/en\/ecocare-3d-40den-white-womens-tights-for-folk-clothes\/","og_locale":"en_US","og_type":"article","og_title":"ECOCARE 3D 40DEN white women's tights for folk clothes | Song and Dance Celebration e-shop","og_description":"Noorte Laulu- ja Tantsupeo meenepoest leiad peo s\u00e4rgid, pusad, meened, m\u00e4rgid! Saadame \u00fcle maailma!","og_url":"https:\/\/2025laulupidu.100kingitust.ee\/en\/ecocare-3d-40den-white-womens-tights-for-folk-clothes\/","og_site_name":"Song and Dance Celebration e-shop","article_publisher":"https:\/\/www.facebook.com\/100kingitust","article_modified_time":"2025-04-27T11:09:52+00:00","og_image":[{"width":1200,"height":1800,"url":"https:\/\/2025laulupidu.100kingitust.ee\/wp-content\/uploads\/2023\/04\/ecocarewhitec.jpg","type":"image\/jpeg"}],"twitter_card":"summary_large_image","twitter_misc":{"Est. reading time":"2 minutes"},"schema":{"@context":"https:\/\/schema.org","@graph":[{"@type":"WebPage","@id":"https:\/\/2025laulupidu.100kingitust.ee\/en\/ecocare-3d-40den-white-womens-tights-for-folk-clothes\/","url":"https:\/\/2025laulupidu.100kingitust.ee\/en\/ecocare-3d-40den-white-womens-tights-for-folk-clothes\/","name":"ECOCARE 3D 40DEN white women's tights for folk clothes | Song and Dance Celebration e-shop","isPartOf":{"@id":"https:\/\/2025laulupidu.100kingitust.ee\/en\/#website"},"primaryImageOfPage":{"@id":"https:\/\/2025laulupidu.100kingitust.ee\/en\/ecocare-3d-40den-white-womens-tights-for-folk-clothes\/#primaryimage"},"image":{"@id":"https:\/\/2025laulupidu.100kingitust.ee\/en\/ecocare-3d-40den-white-womens-tights-for-folk-clothes\/#primaryimage"},"thumbnailUrl":"https:\/\/2025laulupidu.100kingitust.ee\/wp-content\/uploads\/2023\/04\/ecocarewhitec.jpg","datePublished":"2023-04-21T12:43:15+00:00","dateModified":"2025-04-27T11:09:52+00:00","description":"Lennusadama ja Paks Margareeta e-poest leiad parimad kingiideed meres\u00f5brale, kalamehele. Mereteemalised aksessuaarid","breadcrumb":{"@id":"https:\/\/2025laulupidu.100kingitust.ee\/en\/ecocare-3d-40den-white-womens-tights-for-folk-clothes\/#breadcrumb"},"inLanguage":"en-US","potentialAction":[{"@type":"ReadAction","target":["https:\/\/2025laulupidu.100kingitust.ee\/en\/ecocare-3d-40den-white-womens-tights-for-folk-clothes\/"]}]},{"@type":"ImageObject","inLanguage":"en-US","@id":"https:\/\/2025laulupidu.100kingitust.ee\/en\/ecocare-3d-40den-white-womens-tights-for-folk-clothes\/#primaryimage","url":"https:\/\/2025laulupidu.100kingitust.ee\/wp-content\/uploads\/2023\/04\/ecocarewhitec.jpg","contentUrl":"https:\/\/2025laulupidu.100kingitust.ee\/wp-content\/uploads\/2023\/04\/ecocarewhitec.jpg","width":1200,"height":1800},{"@type":"BreadcrumbList","@id":"https:\/\/2025laulupidu.100kingitust.ee\/en\/ecocare-3d-40den-white-womens-tights-for-folk-clothes\/#breadcrumb","itemListElement":[{"@type":"ListItem","position":1,"name":"Esileht","item":"https:\/\/2025laulupidu.100kingitust.ee\/en\/"},{"@type":"ListItem","position":2,"name":"Shop","item":"https:\/\/2025laulupidu.100kingitust.ee\/en\/shop\/"},{"@type":"ListItem","position":3,"name":"ECOCARE 3D 40DEN white women&#8217;s tights for folk clothes"}]},{"@type":"WebSite","@id":"https:\/\/2025laulupidu.100kingitust.ee\/en\/#website","url":"https:\/\/2025laulupidu.100kingitust.ee\/en\/","name":"Iseoma Laulu- ja tantsupeo meenepood","description":"XIII Youth Song and Dance Celebration webshop","publisher":{"@id":"https:\/\/2025laulupidu.100kingitust.ee\/en\/#organization"},"alternateName":"2025 Noorte Laulu- ja Tantsupeo meenepood","potentialAction":[{"@type":"SearchAction","target":{"@type":"EntryPoint","urlTemplate":"https:\/\/2025laulupidu.100kingitust.ee\/en\/?s={search_term_string}"},"query-input":{"@type":"PropertyValueSpecification","valueRequired":true,"valueName":"search_term_string"}}],"inLanguage":"en-US"},{"@type":"Organization","@id":"https:\/\/2025laulupidu.100kingitust.ee\/en\/#organization","name":"Meremuuseumi e-pood","alternateName":"Laulu- ja Tantsupeo SA","url":"https:\/\/2025laulupidu.100kingitust.ee\/en\/","logo":{"@type":"ImageObject","inLanguage":"en-US","@id":"https:\/\/2025laulupidu.100kingitust.ee\/en\/#\/schema\/logo\/image\/","url":"https:\/\/2025laulupidu.100kingitust.ee\/wp-content\/uploads\/2024\/09\/logo-new.png","contentUrl":"https:\/\/2025laulupidu.100kingitust.ee\/wp-content\/uploads\/2024\/09\/logo-new.png","width":455,"height":186,"caption":"Meremuuseumi e-pood"},"image":{"@id":"https:\/\/2025laulupidu.100kingitust.ee\/en\/#\/schema\/logo\/image\/"},"sameAs":["https:\/\/www.facebook.com\/100kingitust"]}]}},"_links":{"self":[{"href":"https:\/\/2025laulupidu.100kingitust.ee\/en\/wp-json\/wp\/v2\/product\/6048","targetHints":{"allow":["GET"]}}],"collection":[{"href":"https:\/\/2025laulupidu.100kingitust.ee\/en\/wp-json\/wp\/v2\/product"}],"about":[{"href":"https:\/\/2025laulupidu.100kingitust.ee\/en\/wp-json\/wp\/v2\/types\/product"}],"wp:featuredmedia":[{"embeddable":true,"href":"https:\/\/2025laulupidu.100kingitust.ee\/en\/wp-json\/wp\/v2\/media\/5940"}],"wp:attachment":[{"href":"https:\/\/2025laulupidu.100kingitust.ee\/en\/wp-json\/wp\/v2\/media?parent=6048"}],"wp:term":[{"taxonomy":"product_cat","embeddable":true,"href":"https:\/\/2025laulupidu.100kingitust.ee\/en\/wp-json\/wp\/v2\/product_cat?post=6048"},{"taxonomy":"product_tag","embeddable":true,"href":"https:\/\/2025laulupidu.100kingitust.ee\/en\/wp-json\/wp\/v2\/product_tag?post=6048"}],"curies":[{"name":"wp","href":"https:\/\/api.w.org\/{rel}","templated":true}]}}