{"id":7175,"date":"2024-12-12T18:35:39","date_gmt":"2024-12-12T13:35:39","guid":{"rendered":"https:\/\/2025laulupidu.100kingitust.ee\/iseoma-song-and-dance-festival-blue-cotton-cap\/"},"modified":"2025-12-11T18:30:15","modified_gmt":"2025-12-11T16:30:15","slug":"iseoma-song-and-dance-celebration-blue-cotton-cap","status":"publish","type":"product","link":"https:\/\/2025laulupidu.100kingitust.ee\/en\/iseoma-song-and-dance-celebration-blue-cotton-cap\/","title":{"rendered":"ISEOMA Song and Dance Celebration Blue Cotton Cap"},"content":{"rendered":"<p><strong>ISEOMA Bright Blue Cap<\/strong><\/p>\n<p>The ISEOMA bright blue cap is the perfect choice for every Song and Dance Celebration participant, offering both style and protection from the sun. This unisex design is suitable for men, women, boys, and girls \u2013 the adjustable strap ensures a comfortable fit for every wearer.<\/p>\n<p><strong>Features:<\/strong><\/p>\n<ul>\n<li><strong>Adjustable size:<\/strong> Comfortable fit for all head sizes<\/li>\n<li><strong>Color:<\/strong> Bright blue<\/li>\n<li><strong>Sun protection:<\/strong> Shields eyes and face from the sun<\/li>\n<\/ul>\n<p><strong>Material:<\/strong> 100% cotton<\/p>\n<p>Stay stylish and protected while celebrating!<\/p>\n<p>Color: royal blue<br \/>\nText on the cap: ISEOMA<br \/>\nComposition: 100% cotton<\/p>\n","protected":false},"excerpt":{"rendered":"ISEOMA Bright Blue Cap The ISEOMA bright blue cap is the perfect choice for every Song and Dance Celebration participant, offering both style and protection from the sun. This unisex design is suitable for men, women, boys, and girls \u2013 the adjustable strap ensures a comfortable fit for every wearer. Features: Adjustable size: Comfortable fit [&hellip;]","protected":false},"featured_media":6925,"template":"","meta":{"_acf_changed":false},"product_cat":[225,108,42,226],"product_tag":[],"class_list":{"0":"post-7175","1":"product","2":"type-product","3":"status-publish","4":"has-post-thumbnail","6":"product_cat-clothing","7":"product_cat-hats","8":"product_cat-souvenirs","9":"product_cat-all-products","11":"first","12":"instock","13":"sale","14":"taxable","15":"shipping-taxable","16":"purchasable","17":"product-type-simple"},"acf":[],"yoast_head":"<!-- This site is optimized with the Yoast SEO Premium plugin v20.9 (Yoast SEO v26.0) - https:\/\/yoast.com\/wordpress\/plugins\/seo\/ -->\n<title>ISEOMA Song and Dance Celebration Blue Cotton Cap | Song and Dance Celebration e-shop<\/title>\n<meta name=\"description\" content=\"The ISEOMA yellow cap (100% cotton) offers style and sun protection for every Song and Dance Celebration participant. This adjustable unisex cap fits men, women, boys, and girls comfortably.\" \/>\n<meta name=\"robots\" content=\"index, follow, max-snippet:-1, max-image-preview:large, max-video-preview:-1\" \/>\n<link rel=\"canonical\" href=\"https:\/\/2025laulupidu.100kingitust.ee\/en\/iseoma-song-and-dance-celebration-blue-cotton-cap\/\" \/>\n<meta property=\"og:locale\" content=\"en_US\" \/>\n<meta property=\"og:type\" content=\"article\" \/>\n<meta property=\"og:title\" content=\"ISEOMA Song and Dance Celebration Blue Cotton Cap | Song and Dance Celebration e-shop\" \/>\n<meta property=\"og:description\" content=\"Noorte Laulu- ja Tantsupeo meenepoest leiad peo s\u00e4rgid, pusad, meened, m\u00e4rgid! Saadame \u00fcle maailma!\" \/>\n<meta property=\"og:url\" content=\"https:\/\/2025laulupidu.100kingitust.ee\/en\/iseoma-song-and-dance-celebration-blue-cotton-cap\/\" \/>\n<meta property=\"og:site_name\" content=\"Song and Dance Celebration e-shop\" \/>\n<meta property=\"article:publisher\" content=\"https:\/\/www.facebook.com\/100kingitust\" \/>\n<meta property=\"article:modified_time\" content=\"2025-12-11T16:30:15+00:00\" \/>\n<meta property=\"og:image\" content=\"https:\/\/2025laulupidu.100kingitust.ee\/wp-content\/uploads\/2024\/12\/ISEOMA-2025-laulu-ja-tantsupeo-sinine-nokkmuts.png\" \/>\n\t<meta property=\"og:image:width\" content=\"1000\" \/>\n\t<meta property=\"og:image:height\" content=\"1000\" \/>\n\t<meta property=\"og:image:type\" content=\"image\/png\" \/>\n<meta name=\"twitter:card\" content=\"summary_large_image\" \/>\n<meta name=\"twitter:label1\" content=\"Est. reading time\" \/>\n\t<meta name=\"twitter:data1\" content=\"1 minute\" \/>\n<script type=\"application\/ld+json\" class=\"yoast-schema-graph\">{\"@context\":\"https:\/\/schema.org\",\"@graph\":[{\"@type\":\"WebPage\",\"@id\":\"https:\/\/2025laulupidu.100kingitust.ee\/en\/iseoma-song-and-dance-celebration-blue-cotton-cap\/\",\"url\":\"https:\/\/2025laulupidu.100kingitust.ee\/en\/iseoma-song-and-dance-celebration-blue-cotton-cap\/\",\"name\":\"ISEOMA Song and Dance Celebration Blue Cotton Cap | Song and Dance Celebration e-shop\",\"isPartOf\":{\"@id\":\"https:\/\/2025laulupidu.100kingitust.ee\/en\/#website\"},\"primaryImageOfPage\":{\"@id\":\"https:\/\/2025laulupidu.100kingitust.ee\/en\/iseoma-song-and-dance-celebration-blue-cotton-cap\/#primaryimage\"},\"image\":{\"@id\":\"https:\/\/2025laulupidu.100kingitust.ee\/en\/iseoma-song-and-dance-celebration-blue-cotton-cap\/#primaryimage\"},\"thumbnailUrl\":\"https:\/\/2025laulupidu.100kingitust.ee\/wp-content\/uploads\/2024\/12\/ISEOMA-2025-laulu-ja-tantsupeo-sinine-nokkmuts.png\",\"datePublished\":\"2024-12-12T13:35:39+00:00\",\"dateModified\":\"2025-12-11T16:30:15+00:00\",\"description\":\"The ISEOMA yellow cap (100% cotton) offers style and sun protection for every Song and Dance Celebration participant. This adjustable unisex cap fits men, women, boys, and girls comfortably.\",\"breadcrumb\":{\"@id\":\"https:\/\/2025laulupidu.100kingitust.ee\/en\/iseoma-song-and-dance-celebration-blue-cotton-cap\/#breadcrumb\"},\"inLanguage\":\"en-US\",\"potentialAction\":[{\"@type\":\"ReadAction\",\"target\":[\"https:\/\/2025laulupidu.100kingitust.ee\/en\/iseoma-song-and-dance-celebration-blue-cotton-cap\/\"]}]},{\"@type\":\"ImageObject\",\"inLanguage\":\"en-US\",\"@id\":\"https:\/\/2025laulupidu.100kingitust.ee\/en\/iseoma-song-and-dance-celebration-blue-cotton-cap\/#primaryimage\",\"url\":\"https:\/\/2025laulupidu.100kingitust.ee\/wp-content\/uploads\/2024\/12\/ISEOMA-2025-laulu-ja-tantsupeo-sinine-nokkmuts.png\",\"contentUrl\":\"https:\/\/2025laulupidu.100kingitust.ee\/wp-content\/uploads\/2024\/12\/ISEOMA-2025-laulu-ja-tantsupeo-sinine-nokkmuts.png\",\"width\":1000,\"height\":1000,\"caption\":\"ISEOMA 2025 royal blue cap\"},{\"@type\":\"BreadcrumbList\",\"@id\":\"https:\/\/2025laulupidu.100kingitust.ee\/en\/iseoma-song-and-dance-celebration-blue-cotton-cap\/#breadcrumb\",\"itemListElement\":[{\"@type\":\"ListItem\",\"position\":1,\"name\":\"Esileht\",\"item\":\"https:\/\/2025laulupidu.100kingitust.ee\/en\/\"},{\"@type\":\"ListItem\",\"position\":2,\"name\":\"Shop\",\"item\":\"https:\/\/2025laulupidu.100kingitust.ee\/en\/shop\/\"},{\"@type\":\"ListItem\",\"position\":3,\"name\":\"ISEOMA Song and Dance Celebration Blue Cotton Cap\"}]},{\"@type\":\"WebSite\",\"@id\":\"https:\/\/2025laulupidu.100kingitust.ee\/en\/#website\",\"url\":\"https:\/\/2025laulupidu.100kingitust.ee\/en\/\",\"name\":\"Iseoma Laulu- ja tantsupeo meenepood\",\"description\":\"XIII Youth Song and Dance Celebration webshop\",\"publisher\":{\"@id\":\"https:\/\/2025laulupidu.100kingitust.ee\/en\/#organization\"},\"alternateName\":\"2025 Noorte Laulu- ja Tantsupeo meenepood\",\"potentialAction\":[{\"@type\":\"SearchAction\",\"target\":{\"@type\":\"EntryPoint\",\"urlTemplate\":\"https:\/\/2025laulupidu.100kingitust.ee\/en\/?s={search_term_string}\"},\"query-input\":{\"@type\":\"PropertyValueSpecification\",\"valueRequired\":true,\"valueName\":\"search_term_string\"}}],\"inLanguage\":\"en-US\"},{\"@type\":\"Organization\",\"@id\":\"https:\/\/2025laulupidu.100kingitust.ee\/en\/#organization\",\"name\":\"Meremuuseumi e-pood\",\"alternateName\":\"Laulu- ja Tantsupeo SA\",\"url\":\"https:\/\/2025laulupidu.100kingitust.ee\/en\/\",\"logo\":{\"@type\":\"ImageObject\",\"inLanguage\":\"en-US\",\"@id\":\"https:\/\/2025laulupidu.100kingitust.ee\/en\/#\/schema\/logo\/image\/\",\"url\":\"https:\/\/2025laulupidu.100kingitust.ee\/wp-content\/uploads\/2024\/09\/logo-new.png\",\"contentUrl\":\"https:\/\/2025laulupidu.100kingitust.ee\/wp-content\/uploads\/2024\/09\/logo-new.png\",\"width\":455,\"height\":186,\"caption\":\"Meremuuseumi e-pood\"},\"image\":{\"@id\":\"https:\/\/2025laulupidu.100kingitust.ee\/en\/#\/schema\/logo\/image\/\"},\"sameAs\":[\"https:\/\/www.facebook.com\/100kingitust\"]}]}<\/script>\n<!-- \/ Yoast SEO Premium plugin. -->","yoast_head_json":{"title":"ISEOMA Song and Dance Celebration Blue Cotton Cap | Song and Dance Celebration e-shop","description":"The ISEOMA yellow cap (100% cotton) offers style and sun protection for every Song and Dance Celebration participant. This adjustable unisex cap fits men, women, boys, and girls comfortably.","robots":{"index":"index","follow":"follow","max-snippet":"max-snippet:-1","max-image-preview":"max-image-preview:large","max-video-preview":"max-video-preview:-1"},"canonical":"https:\/\/2025laulupidu.100kingitust.ee\/en\/iseoma-song-and-dance-celebration-blue-cotton-cap\/","og_locale":"en_US","og_type":"article","og_title":"ISEOMA Song and Dance Celebration Blue Cotton Cap | Song and Dance Celebration e-shop","og_description":"Noorte Laulu- ja Tantsupeo meenepoest leiad peo s\u00e4rgid, pusad, meened, m\u00e4rgid! Saadame \u00fcle maailma!","og_url":"https:\/\/2025laulupidu.100kingitust.ee\/en\/iseoma-song-and-dance-celebration-blue-cotton-cap\/","og_site_name":"Song and Dance Celebration e-shop","article_publisher":"https:\/\/www.facebook.com\/100kingitust","article_modified_time":"2025-12-11T16:30:15+00:00","og_image":[{"width":1000,"height":1000,"url":"https:\/\/2025laulupidu.100kingitust.ee\/wp-content\/uploads\/2024\/12\/ISEOMA-2025-laulu-ja-tantsupeo-sinine-nokkmuts.png","type":"image\/png"}],"twitter_card":"summary_large_image","twitter_misc":{"Est. reading time":"1 minute"},"schema":{"@context":"https:\/\/schema.org","@graph":[{"@type":"WebPage","@id":"https:\/\/2025laulupidu.100kingitust.ee\/en\/iseoma-song-and-dance-celebration-blue-cotton-cap\/","url":"https:\/\/2025laulupidu.100kingitust.ee\/en\/iseoma-song-and-dance-celebration-blue-cotton-cap\/","name":"ISEOMA Song and Dance Celebration Blue Cotton Cap | Song and Dance Celebration e-shop","isPartOf":{"@id":"https:\/\/2025laulupidu.100kingitust.ee\/en\/#website"},"primaryImageOfPage":{"@id":"https:\/\/2025laulupidu.100kingitust.ee\/en\/iseoma-song-and-dance-celebration-blue-cotton-cap\/#primaryimage"},"image":{"@id":"https:\/\/2025laulupidu.100kingitust.ee\/en\/iseoma-song-and-dance-celebration-blue-cotton-cap\/#primaryimage"},"thumbnailUrl":"https:\/\/2025laulupidu.100kingitust.ee\/wp-content\/uploads\/2024\/12\/ISEOMA-2025-laulu-ja-tantsupeo-sinine-nokkmuts.png","datePublished":"2024-12-12T13:35:39+00:00","dateModified":"2025-12-11T16:30:15+00:00","description":"The ISEOMA yellow cap (100% cotton) offers style and sun protection for every Song and Dance Celebration participant. This adjustable unisex cap fits men, women, boys, and girls comfortably.","breadcrumb":{"@id":"https:\/\/2025laulupidu.100kingitust.ee\/en\/iseoma-song-and-dance-celebration-blue-cotton-cap\/#breadcrumb"},"inLanguage":"en-US","potentialAction":[{"@type":"ReadAction","target":["https:\/\/2025laulupidu.100kingitust.ee\/en\/iseoma-song-and-dance-celebration-blue-cotton-cap\/"]}]},{"@type":"ImageObject","inLanguage":"en-US","@id":"https:\/\/2025laulupidu.100kingitust.ee\/en\/iseoma-song-and-dance-celebration-blue-cotton-cap\/#primaryimage","url":"https:\/\/2025laulupidu.100kingitust.ee\/wp-content\/uploads\/2024\/12\/ISEOMA-2025-laulu-ja-tantsupeo-sinine-nokkmuts.png","contentUrl":"https:\/\/2025laulupidu.100kingitust.ee\/wp-content\/uploads\/2024\/12\/ISEOMA-2025-laulu-ja-tantsupeo-sinine-nokkmuts.png","width":1000,"height":1000,"caption":"ISEOMA 2025 royal blue cap"},{"@type":"BreadcrumbList","@id":"https:\/\/2025laulupidu.100kingitust.ee\/en\/iseoma-song-and-dance-celebration-blue-cotton-cap\/#breadcrumb","itemListElement":[{"@type":"ListItem","position":1,"name":"Esileht","item":"https:\/\/2025laulupidu.100kingitust.ee\/en\/"},{"@type":"ListItem","position":2,"name":"Shop","item":"https:\/\/2025laulupidu.100kingitust.ee\/en\/shop\/"},{"@type":"ListItem","position":3,"name":"ISEOMA Song and Dance Celebration Blue Cotton Cap"}]},{"@type":"WebSite","@id":"https:\/\/2025laulupidu.100kingitust.ee\/en\/#website","url":"https:\/\/2025laulupidu.100kingitust.ee\/en\/","name":"Iseoma Laulu- ja tantsupeo meenepood","description":"XIII Youth Song and Dance Celebration webshop","publisher":{"@id":"https:\/\/2025laulupidu.100kingitust.ee\/en\/#organization"},"alternateName":"2025 Noorte Laulu- ja Tantsupeo meenepood","potentialAction":[{"@type":"SearchAction","target":{"@type":"EntryPoint","urlTemplate":"https:\/\/2025laulupidu.100kingitust.ee\/en\/?s={search_term_string}"},"query-input":{"@type":"PropertyValueSpecification","valueRequired":true,"valueName":"search_term_string"}}],"inLanguage":"en-US"},{"@type":"Organization","@id":"https:\/\/2025laulupidu.100kingitust.ee\/en\/#organization","name":"Meremuuseumi e-pood","alternateName":"Laulu- ja Tantsupeo SA","url":"https:\/\/2025laulupidu.100kingitust.ee\/en\/","logo":{"@type":"ImageObject","inLanguage":"en-US","@id":"https:\/\/2025laulupidu.100kingitust.ee\/en\/#\/schema\/logo\/image\/","url":"https:\/\/2025laulupidu.100kingitust.ee\/wp-content\/uploads\/2024\/09\/logo-new.png","contentUrl":"https:\/\/2025laulupidu.100kingitust.ee\/wp-content\/uploads\/2024\/09\/logo-new.png","width":455,"height":186,"caption":"Meremuuseumi e-pood"},"image":{"@id":"https:\/\/2025laulupidu.100kingitust.ee\/en\/#\/schema\/logo\/image\/"},"sameAs":["https:\/\/www.facebook.com\/100kingitust"]}]}},"_links":{"self":[{"href":"https:\/\/2025laulupidu.100kingitust.ee\/en\/wp-json\/wp\/v2\/product\/7175","targetHints":{"allow":["GET"]}}],"collection":[{"href":"https:\/\/2025laulupidu.100kingitust.ee\/en\/wp-json\/wp\/v2\/product"}],"about":[{"href":"https:\/\/2025laulupidu.100kingitust.ee\/en\/wp-json\/wp\/v2\/types\/product"}],"wp:featuredmedia":[{"embeddable":true,"href":"https:\/\/2025laulupidu.100kingitust.ee\/en\/wp-json\/wp\/v2\/media\/6925"}],"wp:attachment":[{"href":"https:\/\/2025laulupidu.100kingitust.ee\/en\/wp-json\/wp\/v2\/media?parent=7175"}],"wp:term":[{"taxonomy":"product_cat","embeddable":true,"href":"https:\/\/2025laulupidu.100kingitust.ee\/en\/wp-json\/wp\/v2\/product_cat?post=7175"},{"taxonomy":"product_tag","embeddable":true,"href":"https:\/\/2025laulupidu.100kingitust.ee\/en\/wp-json\/wp\/v2\/product_tag?post=7175"}],"curies":[{"name":"wp","href":"https:\/\/api.w.org\/{rel}","templated":true}]}}