{"id":7320,"date":"2025-01-06T17:56:28","date_gmt":"2025-01-06T12:56:28","guid":{"rendered":"https:\/\/2025laulupidu.100kingitust.ee\/?post_type=product&#038;p=7320"},"modified":"2025-01-24T12:44:54","modified_gmt":"2025-01-24T07:44:54","slug":"xxviii-song-celebration-iseoma-womens-choir-songbook","status":"publish","type":"product","link":"https:\/\/2025laulupidu.100kingitust.ee\/en\/xxviii-song-celebration-iseoma-womens-choir-songbook\/","title":{"rendered":"XXVIII Song Celebration ISEOMA Women\u2019s Choir Songbook"},"content":{"rendered":"<p>The <strong>XXVIII Song Celebration ISEOMA Women\u2019s Choir Songbook<\/strong> is the official sheet music collection featuring all the essential songs from the women&#8217;s choir repertoire. The <strong>glued binding<\/strong> format ensures durability and convenient use during both rehearsals and the grand performance.<\/p>\n<p>This songbook is an essential companion for every women\u2019s choir singer, helping them prepare for the Song Celebration and enjoy every moment with dedication.<\/p>\n<ul>\n<li>Official XXVIII Song Celebration women&#8217;s choir repertoire<\/li>\n<li>Durable and high-quality glued binding<\/li>\n<\/ul>\n<p>The songbook helps keep the spirit of the Song Celebration alive and ensures that all necessary materials are always at hand.<\/p>\n","protected":false},"excerpt":{"rendered":"The XXVIII Song Celebration ISEOMA Women\u2019s Choir Songbook is the official sheet music collection featuring all the essential songs from the women&#8217;s choir repertoire. The glued binding format ensures durability and convenient use during both rehearsals and the grand performance. This songbook is an essential companion for every women\u2019s choir singer, helping them prepare for [&hellip;]","protected":false},"featured_media":7020,"template":"","meta":{"_acf_changed":false},"product_cat":[256,226],"product_tag":[],"class_list":{"0":"post-7320","1":"product","2":"type-product","3":"status-publish","4":"has-post-thumbnail","6":"product_cat-songbooks","7":"product_cat-all-products","9":"first","10":"outofstock","11":"sale","12":"taxable","13":"shipping-taxable","14":"purchasable","15":"product-type-simple"},"acf":[],"yoast_head":"<!-- This site is optimized with the Yoast SEO Premium plugin v20.9 (Yoast SEO v26.0) - https:\/\/yoast.com\/wordpress\/plugins\/seo\/ -->\n<title>XXVIII Song Celebration ISEOMA Women\u2019s Choir Songbook | Song and Dance Celebration e-shop<\/title>\n<meta name=\"description\" content=\"XXVIII Song Celebration ISEOMA Women&#039;s Choir Songbook \u2013 the official sheet music collection featuring the women&#039;s choir repertoire. Durable glued binding and compact format for rehearsals and performances.\" \/>\n<meta name=\"robots\" content=\"index, follow, max-snippet:-1, max-image-preview:large, max-video-preview:-1\" \/>\n<link rel=\"canonical\" href=\"https:\/\/2025laulupidu.100kingitust.ee\/en\/xxviii-song-celebration-iseoma-womens-choir-songbook\/\" \/>\n<meta property=\"og:locale\" content=\"en_US\" \/>\n<meta property=\"og:type\" content=\"article\" \/>\n<meta property=\"og:title\" content=\"XXVIII Song Celebration ISEOMA Women\u2019s Choir Songbook | Song and Dance Celebration e-shop\" \/>\n<meta property=\"og:description\" content=\"Noorte Laulu- ja Tantsupeo meenepoest leiad peo s\u00e4rgid, pusad, meened, m\u00e4rgid! Saadame \u00fcle maailma!\" \/>\n<meta property=\"og:url\" content=\"https:\/\/2025laulupidu.100kingitust.ee\/en\/xxviii-song-celebration-iseoma-womens-choir-songbook\/\" \/>\n<meta property=\"og:site_name\" content=\"Song and Dance Celebration e-shop\" \/>\n<meta property=\"article:publisher\" content=\"https:\/\/www.facebook.com\/100kingitust\" \/>\n<meta property=\"article:modified_time\" content=\"2025-01-24T07:44:54+00:00\" \/>\n<meta property=\"og:image\" content=\"https:\/\/2025laulupidu.100kingitust.ee\/wp-content\/uploads\/2025\/01\/ISEOMA-2025-Naiskooride-laulik.png\" \/>\n\t<meta property=\"og:image:width\" content=\"1000\" \/>\n\t<meta property=\"og:image:height\" content=\"1000\" \/>\n\t<meta property=\"og:image:type\" content=\"image\/png\" \/>\n<meta name=\"twitter:card\" content=\"summary_large_image\" \/>\n<meta name=\"twitter:label1\" content=\"Est. reading time\" \/>\n\t<meta name=\"twitter:data1\" content=\"1 minute\" \/>\n<script type=\"application\/ld+json\" class=\"yoast-schema-graph\">{\"@context\":\"https:\/\/schema.org\",\"@graph\":[{\"@type\":\"WebPage\",\"@id\":\"https:\/\/2025laulupidu.100kingitust.ee\/en\/xxviii-song-celebration-iseoma-womens-choir-songbook\/\",\"url\":\"https:\/\/2025laulupidu.100kingitust.ee\/en\/xxviii-song-celebration-iseoma-womens-choir-songbook\/\",\"name\":\"XXVIII Song Celebration ISEOMA Women\u2019s Choir Songbook | Song and Dance Celebration e-shop\",\"isPartOf\":{\"@id\":\"https:\/\/2025laulupidu.100kingitust.ee\/en\/#website\"},\"primaryImageOfPage\":{\"@id\":\"https:\/\/2025laulupidu.100kingitust.ee\/en\/xxviii-song-celebration-iseoma-womens-choir-songbook\/#primaryimage\"},\"image\":{\"@id\":\"https:\/\/2025laulupidu.100kingitust.ee\/en\/xxviii-song-celebration-iseoma-womens-choir-songbook\/#primaryimage\"},\"thumbnailUrl\":\"https:\/\/2025laulupidu.100kingitust.ee\/wp-content\/uploads\/2025\/01\/ISEOMA-2025-Naiskooride-laulik.png\",\"datePublished\":\"2025-01-06T12:56:28+00:00\",\"dateModified\":\"2025-01-24T07:44:54+00:00\",\"description\":\"XXVIII Song Celebration ISEOMA Women's Choir Songbook \u2013 the official sheet music collection featuring the women's choir repertoire. Durable glued binding and compact format for rehearsals and performances.\",\"breadcrumb\":{\"@id\":\"https:\/\/2025laulupidu.100kingitust.ee\/en\/xxviii-song-celebration-iseoma-womens-choir-songbook\/#breadcrumb\"},\"inLanguage\":\"en-US\",\"potentialAction\":[{\"@type\":\"ReadAction\",\"target\":[\"https:\/\/2025laulupidu.100kingitust.ee\/en\/xxviii-song-celebration-iseoma-womens-choir-songbook\/\"]}]},{\"@type\":\"ImageObject\",\"inLanguage\":\"en-US\",\"@id\":\"https:\/\/2025laulupidu.100kingitust.ee\/en\/xxviii-song-celebration-iseoma-womens-choir-songbook\/#primaryimage\",\"url\":\"https:\/\/2025laulupidu.100kingitust.ee\/wp-content\/uploads\/2025\/01\/ISEOMA-2025-Naiskooride-laulik.png\",\"contentUrl\":\"https:\/\/2025laulupidu.100kingitust.ee\/wp-content\/uploads\/2025\/01\/ISEOMA-2025-Naiskooride-laulik.png\",\"width\":1000,\"height\":1000,\"caption\":\"XXVIII laulupidu Iseoma Naiskooride laulik\"},{\"@type\":\"BreadcrumbList\",\"@id\":\"https:\/\/2025laulupidu.100kingitust.ee\/en\/xxviii-song-celebration-iseoma-womens-choir-songbook\/#breadcrumb\",\"itemListElement\":[{\"@type\":\"ListItem\",\"position\":1,\"name\":\"Esileht\",\"item\":\"https:\/\/2025laulupidu.100kingitust.ee\/en\/\"},{\"@type\":\"ListItem\",\"position\":2,\"name\":\"Shop\",\"item\":\"https:\/\/2025laulupidu.100kingitust.ee\/en\/shop\/\"},{\"@type\":\"ListItem\",\"position\":3,\"name\":\"XXVIII Song Celebration ISEOMA Women\u2019s Choir Songbook\"}]},{\"@type\":\"WebSite\",\"@id\":\"https:\/\/2025laulupidu.100kingitust.ee\/en\/#website\",\"url\":\"https:\/\/2025laulupidu.100kingitust.ee\/en\/\",\"name\":\"Iseoma Laulu- ja tantsupeo meenepood\",\"description\":\"XIII Youth Song and Dance Celebration webshop\",\"publisher\":{\"@id\":\"https:\/\/2025laulupidu.100kingitust.ee\/en\/#organization\"},\"alternateName\":\"2025 Noorte Laulu- ja Tantsupeo meenepood\",\"potentialAction\":[{\"@type\":\"SearchAction\",\"target\":{\"@type\":\"EntryPoint\",\"urlTemplate\":\"https:\/\/2025laulupidu.100kingitust.ee\/en\/?s={search_term_string}\"},\"query-input\":{\"@type\":\"PropertyValueSpecification\",\"valueRequired\":true,\"valueName\":\"search_term_string\"}}],\"inLanguage\":\"en-US\"},{\"@type\":\"Organization\",\"@id\":\"https:\/\/2025laulupidu.100kingitust.ee\/en\/#organization\",\"name\":\"Meremuuseumi e-pood\",\"alternateName\":\"Laulu- ja Tantsupeo SA\",\"url\":\"https:\/\/2025laulupidu.100kingitust.ee\/en\/\",\"logo\":{\"@type\":\"ImageObject\",\"inLanguage\":\"en-US\",\"@id\":\"https:\/\/2025laulupidu.100kingitust.ee\/en\/#\/schema\/logo\/image\/\",\"url\":\"https:\/\/2025laulupidu.100kingitust.ee\/wp-content\/uploads\/2024\/09\/logo-new.png\",\"contentUrl\":\"https:\/\/2025laulupidu.100kingitust.ee\/wp-content\/uploads\/2024\/09\/logo-new.png\",\"width\":455,\"height\":186,\"caption\":\"Meremuuseumi e-pood\"},\"image\":{\"@id\":\"https:\/\/2025laulupidu.100kingitust.ee\/en\/#\/schema\/logo\/image\/\"},\"sameAs\":[\"https:\/\/www.facebook.com\/100kingitust\"]}]}<\/script>\n<!-- \/ Yoast SEO Premium plugin. -->","yoast_head_json":{"title":"XXVIII Song Celebration ISEOMA Women\u2019s Choir Songbook | Song and Dance Celebration e-shop","description":"XXVIII Song Celebration ISEOMA Women's Choir Songbook \u2013 the official sheet music collection featuring the women's choir repertoire. Durable glued binding and compact format for rehearsals and performances.","robots":{"index":"index","follow":"follow","max-snippet":"max-snippet:-1","max-image-preview":"max-image-preview:large","max-video-preview":"max-video-preview:-1"},"canonical":"https:\/\/2025laulupidu.100kingitust.ee\/en\/xxviii-song-celebration-iseoma-womens-choir-songbook\/","og_locale":"en_US","og_type":"article","og_title":"XXVIII Song Celebration ISEOMA Women\u2019s Choir Songbook | Song and Dance Celebration e-shop","og_description":"Noorte Laulu- ja Tantsupeo meenepoest leiad peo s\u00e4rgid, pusad, meened, m\u00e4rgid! Saadame \u00fcle maailma!","og_url":"https:\/\/2025laulupidu.100kingitust.ee\/en\/xxviii-song-celebration-iseoma-womens-choir-songbook\/","og_site_name":"Song and Dance Celebration e-shop","article_publisher":"https:\/\/www.facebook.com\/100kingitust","article_modified_time":"2025-01-24T07:44:54+00:00","og_image":[{"width":1000,"height":1000,"url":"https:\/\/2025laulupidu.100kingitust.ee\/wp-content\/uploads\/2025\/01\/ISEOMA-2025-Naiskooride-laulik.png","type":"image\/png"}],"twitter_card":"summary_large_image","twitter_misc":{"Est. reading time":"1 minute"},"schema":{"@context":"https:\/\/schema.org","@graph":[{"@type":"WebPage","@id":"https:\/\/2025laulupidu.100kingitust.ee\/en\/xxviii-song-celebration-iseoma-womens-choir-songbook\/","url":"https:\/\/2025laulupidu.100kingitust.ee\/en\/xxviii-song-celebration-iseoma-womens-choir-songbook\/","name":"XXVIII Song Celebration ISEOMA Women\u2019s Choir Songbook | Song and Dance Celebration e-shop","isPartOf":{"@id":"https:\/\/2025laulupidu.100kingitust.ee\/en\/#website"},"primaryImageOfPage":{"@id":"https:\/\/2025laulupidu.100kingitust.ee\/en\/xxviii-song-celebration-iseoma-womens-choir-songbook\/#primaryimage"},"image":{"@id":"https:\/\/2025laulupidu.100kingitust.ee\/en\/xxviii-song-celebration-iseoma-womens-choir-songbook\/#primaryimage"},"thumbnailUrl":"https:\/\/2025laulupidu.100kingitust.ee\/wp-content\/uploads\/2025\/01\/ISEOMA-2025-Naiskooride-laulik.png","datePublished":"2025-01-06T12:56:28+00:00","dateModified":"2025-01-24T07:44:54+00:00","description":"XXVIII Song Celebration ISEOMA Women's Choir Songbook \u2013 the official sheet music collection featuring the women's choir repertoire. Durable glued binding and compact format for rehearsals and performances.","breadcrumb":{"@id":"https:\/\/2025laulupidu.100kingitust.ee\/en\/xxviii-song-celebration-iseoma-womens-choir-songbook\/#breadcrumb"},"inLanguage":"en-US","potentialAction":[{"@type":"ReadAction","target":["https:\/\/2025laulupidu.100kingitust.ee\/en\/xxviii-song-celebration-iseoma-womens-choir-songbook\/"]}]},{"@type":"ImageObject","inLanguage":"en-US","@id":"https:\/\/2025laulupidu.100kingitust.ee\/en\/xxviii-song-celebration-iseoma-womens-choir-songbook\/#primaryimage","url":"https:\/\/2025laulupidu.100kingitust.ee\/wp-content\/uploads\/2025\/01\/ISEOMA-2025-Naiskooride-laulik.png","contentUrl":"https:\/\/2025laulupidu.100kingitust.ee\/wp-content\/uploads\/2025\/01\/ISEOMA-2025-Naiskooride-laulik.png","width":1000,"height":1000,"caption":"XXVIII laulupidu Iseoma Naiskooride laulik"},{"@type":"BreadcrumbList","@id":"https:\/\/2025laulupidu.100kingitust.ee\/en\/xxviii-song-celebration-iseoma-womens-choir-songbook\/#breadcrumb","itemListElement":[{"@type":"ListItem","position":1,"name":"Esileht","item":"https:\/\/2025laulupidu.100kingitust.ee\/en\/"},{"@type":"ListItem","position":2,"name":"Shop","item":"https:\/\/2025laulupidu.100kingitust.ee\/en\/shop\/"},{"@type":"ListItem","position":3,"name":"XXVIII Song Celebration ISEOMA Women\u2019s Choir Songbook"}]},{"@type":"WebSite","@id":"https:\/\/2025laulupidu.100kingitust.ee\/en\/#website","url":"https:\/\/2025laulupidu.100kingitust.ee\/en\/","name":"Iseoma Laulu- ja tantsupeo meenepood","description":"XIII Youth Song and Dance Celebration webshop","publisher":{"@id":"https:\/\/2025laulupidu.100kingitust.ee\/en\/#organization"},"alternateName":"2025 Noorte Laulu- ja Tantsupeo meenepood","potentialAction":[{"@type":"SearchAction","target":{"@type":"EntryPoint","urlTemplate":"https:\/\/2025laulupidu.100kingitust.ee\/en\/?s={search_term_string}"},"query-input":{"@type":"PropertyValueSpecification","valueRequired":true,"valueName":"search_term_string"}}],"inLanguage":"en-US"},{"@type":"Organization","@id":"https:\/\/2025laulupidu.100kingitust.ee\/en\/#organization","name":"Meremuuseumi e-pood","alternateName":"Laulu- ja Tantsupeo SA","url":"https:\/\/2025laulupidu.100kingitust.ee\/en\/","logo":{"@type":"ImageObject","inLanguage":"en-US","@id":"https:\/\/2025laulupidu.100kingitust.ee\/en\/#\/schema\/logo\/image\/","url":"https:\/\/2025laulupidu.100kingitust.ee\/wp-content\/uploads\/2024\/09\/logo-new.png","contentUrl":"https:\/\/2025laulupidu.100kingitust.ee\/wp-content\/uploads\/2024\/09\/logo-new.png","width":455,"height":186,"caption":"Meremuuseumi e-pood"},"image":{"@id":"https:\/\/2025laulupidu.100kingitust.ee\/en\/#\/schema\/logo\/image\/"},"sameAs":["https:\/\/www.facebook.com\/100kingitust"]}]}},"_links":{"self":[{"href":"https:\/\/2025laulupidu.100kingitust.ee\/en\/wp-json\/wp\/v2\/product\/7320","targetHints":{"allow":["GET"]}}],"collection":[{"href":"https:\/\/2025laulupidu.100kingitust.ee\/en\/wp-json\/wp\/v2\/product"}],"about":[{"href":"https:\/\/2025laulupidu.100kingitust.ee\/en\/wp-json\/wp\/v2\/types\/product"}],"wp:featuredmedia":[{"embeddable":true,"href":"https:\/\/2025laulupidu.100kingitust.ee\/en\/wp-json\/wp\/v2\/media\/7020"}],"wp:attachment":[{"href":"https:\/\/2025laulupidu.100kingitust.ee\/en\/wp-json\/wp\/v2\/media?parent=7320"}],"wp:term":[{"taxonomy":"product_cat","embeddable":true,"href":"https:\/\/2025laulupidu.100kingitust.ee\/en\/wp-json\/wp\/v2\/product_cat?post=7320"},{"taxonomy":"product_tag","embeddable":true,"href":"https:\/\/2025laulupidu.100kingitust.ee\/en\/wp-json\/wp\/v2\/product_tag?post=7320"}],"curies":[{"name":"wp","href":"https:\/\/api.w.org\/{rel}","templated":true}]}}