{"id":8696,"date":"2025-02-20T19:13:01","date_gmt":"2025-02-20T14:13:01","guid":{"rendered":"https:\/\/2025laulupidu.100kingitust.ee\/song-and-dance-celebration-pink-scarf\/"},"modified":"2025-02-20T19:13:01","modified_gmt":"2025-02-20T17:13:01","slug":"song-and-dance-celebration-pink-scarf","status":"publish","type":"product","link":"https:\/\/2025laulupidu.100kingitust.ee\/en\/song-and-dance-celebration-pink-scarf\/","title":{"rendered":"Song and Dance Celebration pink scarf"},"content":{"rendered":"<p data-start=\"0\" data-end=\"71\"><strong data-start=\"0\" data-end=\"69\">ISEOMA 2025 Soft and Cozy Scarf \u2013 A Meaningful and Practical Gift<\/strong><\/p>\n<p data-start=\"73\" data-end=\"408\">If you&#8217;re looking for a <strong data-start=\"97\" data-end=\"130\">thoughtful and practical gift<\/strong> for <strong data-start=\"135\" data-end=\"179\">choir conductors, friends, or loved ones<\/strong>, this <strong data-start=\"186\" data-end=\"209\">soft and cozy scarf<\/strong> is the perfect keepsake from the <strong data-start=\"243\" data-end=\"265\">summer celebration<\/strong>. More than just an accessory, it\u2019s a <strong data-start=\"303\" data-end=\"320\">warm reminder<\/strong> of <strong data-start=\"324\" data-end=\"405\">shared songs, joyful moments, and a summer filled with music and togetherness<\/strong>.<\/p>\n<p data-start=\"410\" data-end=\"594\">Or why not <strong data-start=\"421\" data-end=\"439\">treat yourself<\/strong>? Wrapping this scarf around your shoulders on a <strong data-start=\"488\" data-end=\"511\">cold winter evening<\/strong> will bring back warm memories of <strong data-start=\"545\" data-end=\"591\">sunny festival days and beautiful melodies<\/strong>.<\/p>\n<p data-start=\"596\" data-end=\"838\">This <strong data-start=\"601\" data-end=\"617\">unique scarf<\/strong> is adorned with a <strong data-start=\"636\" data-end=\"691\">leather ISEOMA 2025 Song and Dance Celebration logo<\/strong>, making it a <strong data-start=\"705\" data-end=\"751\">special symbol of this unforgettable event<\/strong>. A <strong data-start=\"755\" data-end=\"771\">perfect gift<\/strong> for those whose hearts beat to the rhythm of <strong data-start=\"817\" data-end=\"835\">song and dance<\/strong>!<\/p>\n<ul data-start=\"840\" data-end=\"955\">\n<li data-start=\"840\" data-end=\"865\"><strong data-start=\"842\" data-end=\"851\">Size:<\/strong> 68 x 180 cm<\/li>\n<li data-start=\"866\" data-end=\"885\"><strong data-start=\"868\" data-end=\"878\">Color:<\/strong> Pink<\/li>\n<li data-start=\"886\" data-end=\"955\"><strong data-start=\"888\" data-end=\"901\">Material:<\/strong> 20% wool, 80% viscose \u2013 soft, warm, and comfortable<\/li>\n<\/ul>\n<p data-start=\"957\" data-end=\"1027\" data-is-last-node=\"\" data-is-only-node=\"\"><strong data-start=\"957\" data-end=\"1027\" data-is-last-node=\"\">Wrap yourself in warmth and relive the celebration all year round!<\/strong><\/p>\n","protected":false},"excerpt":{"rendered":"ISEOMA 2025 Soft and Cozy Scarf \u2013 A Meaningful and Practical Gift If you&#8217;re looking for a thoughtful and practical gift for choir conductors, friends, or loved ones, this soft and cozy scarf is the perfect keepsake from the summer celebration. More than just an accessory, it\u2019s a warm reminder of shared songs, joyful moments, [&hellip;]","protected":false},"featured_media":7913,"template":"","meta":{"_acf_changed":false},"product_cat":[42,226],"product_tag":[],"class_list":{"0":"post-8696","1":"product","2":"type-product","3":"status-publish","4":"has-post-thumbnail","6":"product_cat-souvenirs","7":"product_cat-all-products","9":"first","10":"outofstock","11":"taxable","12":"shipping-taxable","13":"purchasable","14":"product-type-simple"},"acf":[],"yoast_head":"<!-- This site is optimized with the Yoast SEO Premium plugin v20.9 (Yoast SEO v26.0) - https:\/\/yoast.com\/wordpress\/plugins\/seo\/ -->\n<title>Song and Dance Celebration pink scarf | Song and Dance Celebration e-shop<\/title>\n<meta name=\"description\" content=\"Keep the spirit of ISEOMA 2025 Song and Dance Celebration alive even after it ends! Find exclusive souvenirs in our online store!\" \/>\n<meta name=\"robots\" content=\"index, follow, max-snippet:-1, max-image-preview:large, max-video-preview:-1\" \/>\n<link rel=\"canonical\" href=\"https:\/\/2025laulupidu.100kingitust.ee\/en\/song-and-dance-celebration-pink-scarf\/\" \/>\n<meta property=\"og:locale\" content=\"en_US\" \/>\n<meta property=\"og:type\" content=\"article\" \/>\n<meta property=\"og:title\" content=\"Song and Dance Celebration pink scarf | Song and Dance Celebration e-shop\" \/>\n<meta property=\"og:description\" content=\"Noorte Laulu- ja Tantsupeo meenepoest leiad peo s\u00e4rgid, pusad, meened, m\u00e4rgid! Saadame \u00fcle maailma!\" \/>\n<meta property=\"og:url\" content=\"https:\/\/2025laulupidu.100kingitust.ee\/en\/song-and-dance-celebration-pink-scarf\/\" \/>\n<meta property=\"og:site_name\" content=\"Song and Dance Celebration e-shop\" \/>\n<meta property=\"article:publisher\" content=\"https:\/\/www.facebook.com\/100kingitust\" \/>\n<meta property=\"article:modified_time\" content=\"2025-02-20T17:13:01+00:00\" \/>\n<meta property=\"og:image\" content=\"https:\/\/2025laulupidu.100kingitust.ee\/wp-content\/uploads\/2025\/02\/ISEOMA-2025-roosa-sall.png\" \/>\n\t<meta property=\"og:image:width\" content=\"1000\" \/>\n\t<meta property=\"og:image:height\" content=\"1000\" \/>\n\t<meta property=\"og:image:type\" content=\"image\/png\" \/>\n<meta name=\"twitter:card\" content=\"summary_large_image\" \/>\n<meta name=\"twitter:label1\" content=\"Est. reading time\" \/>\n\t<meta name=\"twitter:data1\" content=\"1 minute\" \/>\n<script type=\"application\/ld+json\" class=\"yoast-schema-graph\">{\"@context\":\"https:\/\/schema.org\",\"@graph\":[{\"@type\":\"WebPage\",\"@id\":\"https:\/\/2025laulupidu.100kingitust.ee\/en\/song-and-dance-celebration-pink-scarf\/\",\"url\":\"https:\/\/2025laulupidu.100kingitust.ee\/en\/song-and-dance-celebration-pink-scarf\/\",\"name\":\"Song and Dance Celebration pink scarf | Song and Dance Celebration e-shop\",\"isPartOf\":{\"@id\":\"https:\/\/2025laulupidu.100kingitust.ee\/en\/#website\"},\"primaryImageOfPage\":{\"@id\":\"https:\/\/2025laulupidu.100kingitust.ee\/en\/song-and-dance-celebration-pink-scarf\/#primaryimage\"},\"image\":{\"@id\":\"https:\/\/2025laulupidu.100kingitust.ee\/en\/song-and-dance-celebration-pink-scarf\/#primaryimage\"},\"thumbnailUrl\":\"https:\/\/2025laulupidu.100kingitust.ee\/wp-content\/uploads\/2025\/02\/ISEOMA-2025-roosa-sall.png\",\"datePublished\":\"2025-02-20T14:13:01+00:00\",\"dateModified\":\"2025-02-20T17:13:01+00:00\",\"description\":\"Keep the spirit of ISEOMA 2025 Song and Dance Celebration alive even after it ends! Find exclusive souvenirs in our online store!\",\"breadcrumb\":{\"@id\":\"https:\/\/2025laulupidu.100kingitust.ee\/en\/song-and-dance-celebration-pink-scarf\/#breadcrumb\"},\"inLanguage\":\"en-US\",\"potentialAction\":[{\"@type\":\"ReadAction\",\"target\":[\"https:\/\/2025laulupidu.100kingitust.ee\/en\/song-and-dance-celebration-pink-scarf\/\"]}]},{\"@type\":\"ImageObject\",\"inLanguage\":\"en-US\",\"@id\":\"https:\/\/2025laulupidu.100kingitust.ee\/en\/song-and-dance-celebration-pink-scarf\/#primaryimage\",\"url\":\"https:\/\/2025laulupidu.100kingitust.ee\/wp-content\/uploads\/2025\/02\/ISEOMA-2025-roosa-sall.png\",\"contentUrl\":\"https:\/\/2025laulupidu.100kingitust.ee\/wp-content\/uploads\/2025\/02\/ISEOMA-2025-roosa-sall.png\",\"width\":1000,\"height\":1000,\"caption\":\"ISEOMA 2025 pink scarf\"},{\"@type\":\"BreadcrumbList\",\"@id\":\"https:\/\/2025laulupidu.100kingitust.ee\/en\/song-and-dance-celebration-pink-scarf\/#breadcrumb\",\"itemListElement\":[{\"@type\":\"ListItem\",\"position\":1,\"name\":\"Esileht\",\"item\":\"https:\/\/2025laulupidu.100kingitust.ee\/en\/\"},{\"@type\":\"ListItem\",\"position\":2,\"name\":\"Shop\",\"item\":\"https:\/\/2025laulupidu.100kingitust.ee\/en\/shop\/\"},{\"@type\":\"ListItem\",\"position\":3,\"name\":\"Song and Dance Celebration pink scarf\"}]},{\"@type\":\"WebSite\",\"@id\":\"https:\/\/2025laulupidu.100kingitust.ee\/en\/#website\",\"url\":\"https:\/\/2025laulupidu.100kingitust.ee\/en\/\",\"name\":\"Iseoma Laulu- ja tantsupeo meenepood\",\"description\":\"XIII Youth Song and Dance Celebration webshop\",\"publisher\":{\"@id\":\"https:\/\/2025laulupidu.100kingitust.ee\/en\/#organization\"},\"alternateName\":\"2025 Noorte Laulu- ja Tantsupeo meenepood\",\"potentialAction\":[{\"@type\":\"SearchAction\",\"target\":{\"@type\":\"EntryPoint\",\"urlTemplate\":\"https:\/\/2025laulupidu.100kingitust.ee\/en\/?s={search_term_string}\"},\"query-input\":{\"@type\":\"PropertyValueSpecification\",\"valueRequired\":true,\"valueName\":\"search_term_string\"}}],\"inLanguage\":\"en-US\"},{\"@type\":\"Organization\",\"@id\":\"https:\/\/2025laulupidu.100kingitust.ee\/en\/#organization\",\"name\":\"Meremuuseumi e-pood\",\"alternateName\":\"Laulu- ja Tantsupeo SA\",\"url\":\"https:\/\/2025laulupidu.100kingitust.ee\/en\/\",\"logo\":{\"@type\":\"ImageObject\",\"inLanguage\":\"en-US\",\"@id\":\"https:\/\/2025laulupidu.100kingitust.ee\/en\/#\/schema\/logo\/image\/\",\"url\":\"https:\/\/2025laulupidu.100kingitust.ee\/wp-content\/uploads\/2024\/09\/logo-new.png\",\"contentUrl\":\"https:\/\/2025laulupidu.100kingitust.ee\/wp-content\/uploads\/2024\/09\/logo-new.png\",\"width\":455,\"height\":186,\"caption\":\"Meremuuseumi e-pood\"},\"image\":{\"@id\":\"https:\/\/2025laulupidu.100kingitust.ee\/en\/#\/schema\/logo\/image\/\"},\"sameAs\":[\"https:\/\/www.facebook.com\/100kingitust\"]}]}<\/script>\n<!-- \/ Yoast SEO Premium plugin. -->","yoast_head_json":{"title":"Song and Dance Celebration pink scarf | Song and Dance Celebration e-shop","description":"Keep the spirit of ISEOMA 2025 Song and Dance Celebration alive even after it ends! Find exclusive souvenirs in our online store!","robots":{"index":"index","follow":"follow","max-snippet":"max-snippet:-1","max-image-preview":"max-image-preview:large","max-video-preview":"max-video-preview:-1"},"canonical":"https:\/\/2025laulupidu.100kingitust.ee\/en\/song-and-dance-celebration-pink-scarf\/","og_locale":"en_US","og_type":"article","og_title":"Song and Dance Celebration pink scarf | Song and Dance Celebration e-shop","og_description":"Noorte Laulu- ja Tantsupeo meenepoest leiad peo s\u00e4rgid, pusad, meened, m\u00e4rgid! Saadame \u00fcle maailma!","og_url":"https:\/\/2025laulupidu.100kingitust.ee\/en\/song-and-dance-celebration-pink-scarf\/","og_site_name":"Song and Dance Celebration e-shop","article_publisher":"https:\/\/www.facebook.com\/100kingitust","article_modified_time":"2025-02-20T17:13:01+00:00","og_image":[{"width":1000,"height":1000,"url":"https:\/\/2025laulupidu.100kingitust.ee\/wp-content\/uploads\/2025\/02\/ISEOMA-2025-roosa-sall.png","type":"image\/png"}],"twitter_card":"summary_large_image","twitter_misc":{"Est. reading time":"1 minute"},"schema":{"@context":"https:\/\/schema.org","@graph":[{"@type":"WebPage","@id":"https:\/\/2025laulupidu.100kingitust.ee\/en\/song-and-dance-celebration-pink-scarf\/","url":"https:\/\/2025laulupidu.100kingitust.ee\/en\/song-and-dance-celebration-pink-scarf\/","name":"Song and Dance Celebration pink scarf | Song and Dance Celebration e-shop","isPartOf":{"@id":"https:\/\/2025laulupidu.100kingitust.ee\/en\/#website"},"primaryImageOfPage":{"@id":"https:\/\/2025laulupidu.100kingitust.ee\/en\/song-and-dance-celebration-pink-scarf\/#primaryimage"},"image":{"@id":"https:\/\/2025laulupidu.100kingitust.ee\/en\/song-and-dance-celebration-pink-scarf\/#primaryimage"},"thumbnailUrl":"https:\/\/2025laulupidu.100kingitust.ee\/wp-content\/uploads\/2025\/02\/ISEOMA-2025-roosa-sall.png","datePublished":"2025-02-20T14:13:01+00:00","dateModified":"2025-02-20T17:13:01+00:00","description":"Keep the spirit of ISEOMA 2025 Song and Dance Celebration alive even after it ends! Find exclusive souvenirs in our online store!","breadcrumb":{"@id":"https:\/\/2025laulupidu.100kingitust.ee\/en\/song-and-dance-celebration-pink-scarf\/#breadcrumb"},"inLanguage":"en-US","potentialAction":[{"@type":"ReadAction","target":["https:\/\/2025laulupidu.100kingitust.ee\/en\/song-and-dance-celebration-pink-scarf\/"]}]},{"@type":"ImageObject","inLanguage":"en-US","@id":"https:\/\/2025laulupidu.100kingitust.ee\/en\/song-and-dance-celebration-pink-scarf\/#primaryimage","url":"https:\/\/2025laulupidu.100kingitust.ee\/wp-content\/uploads\/2025\/02\/ISEOMA-2025-roosa-sall.png","contentUrl":"https:\/\/2025laulupidu.100kingitust.ee\/wp-content\/uploads\/2025\/02\/ISEOMA-2025-roosa-sall.png","width":1000,"height":1000,"caption":"ISEOMA 2025 pink scarf"},{"@type":"BreadcrumbList","@id":"https:\/\/2025laulupidu.100kingitust.ee\/en\/song-and-dance-celebration-pink-scarf\/#breadcrumb","itemListElement":[{"@type":"ListItem","position":1,"name":"Esileht","item":"https:\/\/2025laulupidu.100kingitust.ee\/en\/"},{"@type":"ListItem","position":2,"name":"Shop","item":"https:\/\/2025laulupidu.100kingitust.ee\/en\/shop\/"},{"@type":"ListItem","position":3,"name":"Song and Dance Celebration pink scarf"}]},{"@type":"WebSite","@id":"https:\/\/2025laulupidu.100kingitust.ee\/en\/#website","url":"https:\/\/2025laulupidu.100kingitust.ee\/en\/","name":"Iseoma Laulu- ja tantsupeo meenepood","description":"XIII Youth Song and Dance Celebration webshop","publisher":{"@id":"https:\/\/2025laulupidu.100kingitust.ee\/en\/#organization"},"alternateName":"2025 Noorte Laulu- ja Tantsupeo meenepood","potentialAction":[{"@type":"SearchAction","target":{"@type":"EntryPoint","urlTemplate":"https:\/\/2025laulupidu.100kingitust.ee\/en\/?s={search_term_string}"},"query-input":{"@type":"PropertyValueSpecification","valueRequired":true,"valueName":"search_term_string"}}],"inLanguage":"en-US"},{"@type":"Organization","@id":"https:\/\/2025laulupidu.100kingitust.ee\/en\/#organization","name":"Meremuuseumi e-pood","alternateName":"Laulu- ja Tantsupeo SA","url":"https:\/\/2025laulupidu.100kingitust.ee\/en\/","logo":{"@type":"ImageObject","inLanguage":"en-US","@id":"https:\/\/2025laulupidu.100kingitust.ee\/en\/#\/schema\/logo\/image\/","url":"https:\/\/2025laulupidu.100kingitust.ee\/wp-content\/uploads\/2024\/09\/logo-new.png","contentUrl":"https:\/\/2025laulupidu.100kingitust.ee\/wp-content\/uploads\/2024\/09\/logo-new.png","width":455,"height":186,"caption":"Meremuuseumi e-pood"},"image":{"@id":"https:\/\/2025laulupidu.100kingitust.ee\/en\/#\/schema\/logo\/image\/"},"sameAs":["https:\/\/www.facebook.com\/100kingitust"]}]}},"_links":{"self":[{"href":"https:\/\/2025laulupidu.100kingitust.ee\/en\/wp-json\/wp\/v2\/product\/8696","targetHints":{"allow":["GET"]}}],"collection":[{"href":"https:\/\/2025laulupidu.100kingitust.ee\/en\/wp-json\/wp\/v2\/product"}],"about":[{"href":"https:\/\/2025laulupidu.100kingitust.ee\/en\/wp-json\/wp\/v2\/types\/product"}],"wp:featuredmedia":[{"embeddable":true,"href":"https:\/\/2025laulupidu.100kingitust.ee\/en\/wp-json\/wp\/v2\/media\/7913"}],"wp:attachment":[{"href":"https:\/\/2025laulupidu.100kingitust.ee\/en\/wp-json\/wp\/v2\/media?parent=8696"}],"wp:term":[{"taxonomy":"product_cat","embeddable":true,"href":"https:\/\/2025laulupidu.100kingitust.ee\/en\/wp-json\/wp\/v2\/product_cat?post=8696"},{"taxonomy":"product_tag","embeddable":true,"href":"https:\/\/2025laulupidu.100kingitust.ee\/en\/wp-json\/wp\/v2\/product_tag?post=8696"}],"curies":[{"name":"wp","href":"https:\/\/api.w.org\/{rel}","templated":true}]}}