{"id":8779,"date":"2025-03-10T16:48:29","date_gmt":"2025-03-10T14:48:29","guid":{"rendered":"https:\/\/2025laulupidu.100kingitust.ee\/song-and-dance-celebration-pink-pattern-tote-bag\/"},"modified":"2026-02-25T13:18:30","modified_gmt":"2026-02-25T11:18:30","slug":"song-and-dance-celebration-pink-pattern-tote-bag","status":"publish","type":"product","link":"https:\/\/2025laulupidu.100kingitust.ee\/en\/song-and-dance-celebration-pink-pattern-tote-bag\/","title":{"rendered":"Song and Dance Celebration pink pattern tote bag"},"content":{"rendered":"<p data-start=\"0\" data-end=\"75\"><strong data-start=\"0\" data-end=\"73\">Iseoma Song and Dance Celebration Blue Fabric Bag with a Pink Pattern<\/strong><\/p>\n<p data-start=\"77\" data-end=\"276\">Where to store your <strong data-start=\"97\" data-end=\"125\">songbook and dance shoes<\/strong>? Of course, in this <strong data-start=\"146\" data-end=\"187\">stylish and practical fabric tote bag<\/strong> that you can <strong data-start=\"201\" data-end=\"236\">easily sling over your shoulder<\/strong> and head joyfully to the celebration!<\/p>\n<p data-start=\"278\" data-end=\"590\">Inside, there&#8217;s a <strong data-start=\"296\" data-end=\"317\">convenient pocket<\/strong> to keep your <strong data-start=\"331\" data-end=\"358\">phone and keys separate<\/strong> from other items. This <strong data-start=\"382\" data-end=\"430\">stunning Song and Dance Celebration tote bag<\/strong>, adorned with a <strong data-start=\"447\" data-end=\"471\">vibrant pink pattern<\/strong>, stands out from afar and serves as a <strong data-start=\"510\" data-end=\"552\">beautiful reminder of the joyful event<\/strong>, even long after summer has passed.<\/p>\n<ul data-start=\"592\" data-end=\"675\" data-is-only-node=\"\" data-is-last-node=\"\">\n<li data-start=\"592\" data-end=\"622\"><strong data-start=\"594\" data-end=\"609\">Dimensions:<\/strong> 37 x 40 cm<\/li>\n<li data-start=\"623\" data-end=\"651\"><strong data-start=\"625\" data-end=\"643\">Handle length:<\/strong> 37 cm<\/li>\n<li data-start=\"652\" data-end=\"675\" data-is-last-node=\"\"><\/li>\n<\/ul>\n","protected":false},"excerpt":{"rendered":"Iseoma Song and Dance Celebration Blue Fabric Bag with a Pink Pattern Where to store your songbook and dance shoes? Of course, in this stylish and practical fabric tote bag that you can easily sling over your shoulder and head joyfully to the celebration! Inside, there&#8217;s a convenient pocket to keep your phone and keys [&hellip;]","protected":false},"featured_media":8717,"template":"","meta":{"_acf_changed":false},"product_cat":[228,42,226,198],"product_tag":[],"class_list":{"0":"post-8779","1":"product","2":"type-product","3":"status-publish","4":"has-post-thumbnail","6":"product_cat-bags","7":"product_cat-souvenirs","8":"product_cat-all-products","9":"product_cat-sales","11":"first","12":"instock","13":"sale","14":"taxable","15":"shipping-taxable","16":"purchasable","17":"product-type-simple"},"acf":[],"yoast_head":"<!-- This site is optimized with the Yoast SEO Premium plugin v20.9 (Yoast SEO v26.0) - https:\/\/yoast.com\/wordpress\/plugins\/seo\/ -->\n<title>Song and Dance Celebration pink pattern tote bag | Song and Dance Celebration e-shop<\/title>\n<meta name=\"description\" content=\"Lennusadama ja Paks Margareeta e-poest leiad parimad kingiideed meres\u00f5brale, kalamehele. Mereteemalised aksessuaarid\" \/>\n<meta name=\"robots\" content=\"index, follow, max-snippet:-1, max-image-preview:large, max-video-preview:-1\" \/>\n<link rel=\"canonical\" href=\"https:\/\/2025laulupidu.100kingitust.ee\/en\/song-and-dance-celebration-pink-pattern-tote-bag\/\" \/>\n<meta property=\"og:locale\" content=\"en_US\" \/>\n<meta property=\"og:type\" content=\"article\" \/>\n<meta property=\"og:title\" content=\"Song and Dance Celebration pink pattern tote bag | Song and Dance Celebration e-shop\" \/>\n<meta property=\"og:description\" content=\"Noorte Laulu- ja Tantsupeo meenepoest leiad peo s\u00e4rgid, pusad, meened, m\u00e4rgid! Saadame \u00fcle maailma!\" \/>\n<meta property=\"og:url\" content=\"https:\/\/2025laulupidu.100kingitust.ee\/en\/song-and-dance-celebration-pink-pattern-tote-bag\/\" \/>\n<meta property=\"og:site_name\" content=\"Song and Dance Celebration e-shop\" \/>\n<meta property=\"article:publisher\" content=\"https:\/\/www.facebook.com\/100kingitust\" \/>\n<meta property=\"article:modified_time\" content=\"2026-02-25T11:18:30+00:00\" \/>\n<meta property=\"og:image\" content=\"https:\/\/2025laulupidu.100kingitust.ee\/wp-content\/uploads\/2025\/03\/ISEOMA-sinine-riidest-kott.png\" \/>\n\t<meta property=\"og:image:width\" content=\"1000\" \/>\n\t<meta property=\"og:image:height\" content=\"1000\" \/>\n\t<meta property=\"og:image:type\" content=\"image\/png\" \/>\n<meta name=\"twitter:card\" content=\"summary_large_image\" \/>\n<script type=\"application\/ld+json\" class=\"yoast-schema-graph\">{\"@context\":\"https:\/\/schema.org\",\"@graph\":[{\"@type\":\"WebPage\",\"@id\":\"https:\/\/2025laulupidu.100kingitust.ee\/en\/song-and-dance-celebration-pink-pattern-tote-bag\/\",\"url\":\"https:\/\/2025laulupidu.100kingitust.ee\/en\/song-and-dance-celebration-pink-pattern-tote-bag\/\",\"name\":\"Song and Dance Celebration pink pattern tote bag | Song and Dance Celebration e-shop\",\"isPartOf\":{\"@id\":\"https:\/\/2025laulupidu.100kingitust.ee\/en\/#website\"},\"primaryImageOfPage\":{\"@id\":\"https:\/\/2025laulupidu.100kingitust.ee\/en\/song-and-dance-celebration-pink-pattern-tote-bag\/#primaryimage\"},\"image\":{\"@id\":\"https:\/\/2025laulupidu.100kingitust.ee\/en\/song-and-dance-celebration-pink-pattern-tote-bag\/#primaryimage\"},\"thumbnailUrl\":\"https:\/\/2025laulupidu.100kingitust.ee\/wp-content\/uploads\/2025\/03\/ISEOMA-sinine-riidest-kott.png\",\"datePublished\":\"2025-03-10T14:48:29+00:00\",\"dateModified\":\"2026-02-25T11:18:30+00:00\",\"description\":\"Lennusadama ja Paks Margareeta e-poest leiad parimad kingiideed meres\u00f5brale, kalamehele. Mereteemalised aksessuaarid\",\"breadcrumb\":{\"@id\":\"https:\/\/2025laulupidu.100kingitust.ee\/en\/song-and-dance-celebration-pink-pattern-tote-bag\/#breadcrumb\"},\"inLanguage\":\"en-US\",\"potentialAction\":[{\"@type\":\"ReadAction\",\"target\":[\"https:\/\/2025laulupidu.100kingitust.ee\/en\/song-and-dance-celebration-pink-pattern-tote-bag\/\"]}]},{\"@type\":\"ImageObject\",\"inLanguage\":\"en-US\",\"@id\":\"https:\/\/2025laulupidu.100kingitust.ee\/en\/song-and-dance-celebration-pink-pattern-tote-bag\/#primaryimage\",\"url\":\"https:\/\/2025laulupidu.100kingitust.ee\/wp-content\/uploads\/2025\/03\/ISEOMA-sinine-riidest-kott.png\",\"contentUrl\":\"https:\/\/2025laulupidu.100kingitust.ee\/wp-content\/uploads\/2025\/03\/ISEOMA-sinine-riidest-kott.png\",\"width\":1000,\"height\":1000,\"caption\":\"ISEOMA blue tote bag with pink handles\"},{\"@type\":\"BreadcrumbList\",\"@id\":\"https:\/\/2025laulupidu.100kingitust.ee\/en\/song-and-dance-celebration-pink-pattern-tote-bag\/#breadcrumb\",\"itemListElement\":[{\"@type\":\"ListItem\",\"position\":1,\"name\":\"Esileht\",\"item\":\"https:\/\/2025laulupidu.100kingitust.ee\/en\/\"},{\"@type\":\"ListItem\",\"position\":2,\"name\":\"Shop\",\"item\":\"https:\/\/2025laulupidu.100kingitust.ee\/en\/shop\/\"},{\"@type\":\"ListItem\",\"position\":3,\"name\":\"Song and Dance Celebration pink pattern tote bag\"}]},{\"@type\":\"WebSite\",\"@id\":\"https:\/\/2025laulupidu.100kingitust.ee\/en\/#website\",\"url\":\"https:\/\/2025laulupidu.100kingitust.ee\/en\/\",\"name\":\"Iseoma Laulu- ja tantsupeo meenepood\",\"description\":\"XIII Youth Song and Dance Celebration webshop\",\"publisher\":{\"@id\":\"https:\/\/2025laulupidu.100kingitust.ee\/en\/#organization\"},\"alternateName\":\"2025 Noorte Laulu- ja Tantsupeo meenepood\",\"potentialAction\":[{\"@type\":\"SearchAction\",\"target\":{\"@type\":\"EntryPoint\",\"urlTemplate\":\"https:\/\/2025laulupidu.100kingitust.ee\/en\/?s={search_term_string}\"},\"query-input\":{\"@type\":\"PropertyValueSpecification\",\"valueRequired\":true,\"valueName\":\"search_term_string\"}}],\"inLanguage\":\"en-US\"},{\"@type\":\"Organization\",\"@id\":\"https:\/\/2025laulupidu.100kingitust.ee\/en\/#organization\",\"name\":\"Meremuuseumi e-pood\",\"alternateName\":\"Laulu- ja Tantsupeo SA\",\"url\":\"https:\/\/2025laulupidu.100kingitust.ee\/en\/\",\"logo\":{\"@type\":\"ImageObject\",\"inLanguage\":\"en-US\",\"@id\":\"https:\/\/2025laulupidu.100kingitust.ee\/en\/#\/schema\/logo\/image\/\",\"url\":\"https:\/\/2025laulupidu.100kingitust.ee\/wp-content\/uploads\/2024\/09\/logo-new.png\",\"contentUrl\":\"https:\/\/2025laulupidu.100kingitust.ee\/wp-content\/uploads\/2024\/09\/logo-new.png\",\"width\":455,\"height\":186,\"caption\":\"Meremuuseumi e-pood\"},\"image\":{\"@id\":\"https:\/\/2025laulupidu.100kingitust.ee\/en\/#\/schema\/logo\/image\/\"},\"sameAs\":[\"https:\/\/www.facebook.com\/100kingitust\"]}]}<\/script>\n<!-- \/ Yoast SEO Premium plugin. -->","yoast_head_json":{"title":"Song and Dance Celebration pink pattern tote bag | Song and Dance Celebration e-shop","description":"Lennusadama ja Paks Margareeta e-poest leiad parimad kingiideed meres\u00f5brale, kalamehele. Mereteemalised aksessuaarid","robots":{"index":"index","follow":"follow","max-snippet":"max-snippet:-1","max-image-preview":"max-image-preview:large","max-video-preview":"max-video-preview:-1"},"canonical":"https:\/\/2025laulupidu.100kingitust.ee\/en\/song-and-dance-celebration-pink-pattern-tote-bag\/","og_locale":"en_US","og_type":"article","og_title":"Song and Dance Celebration pink pattern tote bag | Song and Dance Celebration e-shop","og_description":"Noorte Laulu- ja Tantsupeo meenepoest leiad peo s\u00e4rgid, pusad, meened, m\u00e4rgid! Saadame \u00fcle maailma!","og_url":"https:\/\/2025laulupidu.100kingitust.ee\/en\/song-and-dance-celebration-pink-pattern-tote-bag\/","og_site_name":"Song and Dance Celebration e-shop","article_publisher":"https:\/\/www.facebook.com\/100kingitust","article_modified_time":"2026-02-25T11:18:30+00:00","og_image":[{"width":1000,"height":1000,"url":"https:\/\/2025laulupidu.100kingitust.ee\/wp-content\/uploads\/2025\/03\/ISEOMA-sinine-riidest-kott.png","type":"image\/png"}],"twitter_card":"summary_large_image","schema":{"@context":"https:\/\/schema.org","@graph":[{"@type":"WebPage","@id":"https:\/\/2025laulupidu.100kingitust.ee\/en\/song-and-dance-celebration-pink-pattern-tote-bag\/","url":"https:\/\/2025laulupidu.100kingitust.ee\/en\/song-and-dance-celebration-pink-pattern-tote-bag\/","name":"Song and Dance Celebration pink pattern tote bag | Song and Dance Celebration e-shop","isPartOf":{"@id":"https:\/\/2025laulupidu.100kingitust.ee\/en\/#website"},"primaryImageOfPage":{"@id":"https:\/\/2025laulupidu.100kingitust.ee\/en\/song-and-dance-celebration-pink-pattern-tote-bag\/#primaryimage"},"image":{"@id":"https:\/\/2025laulupidu.100kingitust.ee\/en\/song-and-dance-celebration-pink-pattern-tote-bag\/#primaryimage"},"thumbnailUrl":"https:\/\/2025laulupidu.100kingitust.ee\/wp-content\/uploads\/2025\/03\/ISEOMA-sinine-riidest-kott.png","datePublished":"2025-03-10T14:48:29+00:00","dateModified":"2026-02-25T11:18:30+00:00","description":"Lennusadama ja Paks Margareeta e-poest leiad parimad kingiideed meres\u00f5brale, kalamehele. Mereteemalised aksessuaarid","breadcrumb":{"@id":"https:\/\/2025laulupidu.100kingitust.ee\/en\/song-and-dance-celebration-pink-pattern-tote-bag\/#breadcrumb"},"inLanguage":"en-US","potentialAction":[{"@type":"ReadAction","target":["https:\/\/2025laulupidu.100kingitust.ee\/en\/song-and-dance-celebration-pink-pattern-tote-bag\/"]}]},{"@type":"ImageObject","inLanguage":"en-US","@id":"https:\/\/2025laulupidu.100kingitust.ee\/en\/song-and-dance-celebration-pink-pattern-tote-bag\/#primaryimage","url":"https:\/\/2025laulupidu.100kingitust.ee\/wp-content\/uploads\/2025\/03\/ISEOMA-sinine-riidest-kott.png","contentUrl":"https:\/\/2025laulupidu.100kingitust.ee\/wp-content\/uploads\/2025\/03\/ISEOMA-sinine-riidest-kott.png","width":1000,"height":1000,"caption":"ISEOMA blue tote bag with pink handles"},{"@type":"BreadcrumbList","@id":"https:\/\/2025laulupidu.100kingitust.ee\/en\/song-and-dance-celebration-pink-pattern-tote-bag\/#breadcrumb","itemListElement":[{"@type":"ListItem","position":1,"name":"Esileht","item":"https:\/\/2025laulupidu.100kingitust.ee\/en\/"},{"@type":"ListItem","position":2,"name":"Shop","item":"https:\/\/2025laulupidu.100kingitust.ee\/en\/shop\/"},{"@type":"ListItem","position":3,"name":"Song and Dance Celebration pink pattern tote bag"}]},{"@type":"WebSite","@id":"https:\/\/2025laulupidu.100kingitust.ee\/en\/#website","url":"https:\/\/2025laulupidu.100kingitust.ee\/en\/","name":"Iseoma Laulu- ja tantsupeo meenepood","description":"XIII Youth Song and Dance Celebration webshop","publisher":{"@id":"https:\/\/2025laulupidu.100kingitust.ee\/en\/#organization"},"alternateName":"2025 Noorte Laulu- ja Tantsupeo meenepood","potentialAction":[{"@type":"SearchAction","target":{"@type":"EntryPoint","urlTemplate":"https:\/\/2025laulupidu.100kingitust.ee\/en\/?s={search_term_string}"},"query-input":{"@type":"PropertyValueSpecification","valueRequired":true,"valueName":"search_term_string"}}],"inLanguage":"en-US"},{"@type":"Organization","@id":"https:\/\/2025laulupidu.100kingitust.ee\/en\/#organization","name":"Meremuuseumi e-pood","alternateName":"Laulu- ja Tantsupeo SA","url":"https:\/\/2025laulupidu.100kingitust.ee\/en\/","logo":{"@type":"ImageObject","inLanguage":"en-US","@id":"https:\/\/2025laulupidu.100kingitust.ee\/en\/#\/schema\/logo\/image\/","url":"https:\/\/2025laulupidu.100kingitust.ee\/wp-content\/uploads\/2024\/09\/logo-new.png","contentUrl":"https:\/\/2025laulupidu.100kingitust.ee\/wp-content\/uploads\/2024\/09\/logo-new.png","width":455,"height":186,"caption":"Meremuuseumi e-pood"},"image":{"@id":"https:\/\/2025laulupidu.100kingitust.ee\/en\/#\/schema\/logo\/image\/"},"sameAs":["https:\/\/www.facebook.com\/100kingitust"]}]}},"_links":{"self":[{"href":"https:\/\/2025laulupidu.100kingitust.ee\/en\/wp-json\/wp\/v2\/product\/8779","targetHints":{"allow":["GET"]}}],"collection":[{"href":"https:\/\/2025laulupidu.100kingitust.ee\/en\/wp-json\/wp\/v2\/product"}],"about":[{"href":"https:\/\/2025laulupidu.100kingitust.ee\/en\/wp-json\/wp\/v2\/types\/product"}],"wp:featuredmedia":[{"embeddable":true,"href":"https:\/\/2025laulupidu.100kingitust.ee\/en\/wp-json\/wp\/v2\/media\/8717"}],"wp:attachment":[{"href":"https:\/\/2025laulupidu.100kingitust.ee\/en\/wp-json\/wp\/v2\/media?parent=8779"}],"wp:term":[{"taxonomy":"product_cat","embeddable":true,"href":"https:\/\/2025laulupidu.100kingitust.ee\/en\/wp-json\/wp\/v2\/product_cat?post=8779"},{"taxonomy":"product_tag","embeddable":true,"href":"https:\/\/2025laulupidu.100kingitust.ee\/en\/wp-json\/wp\/v2\/product_tag?post=8779"}],"curies":[{"name":"wp","href":"https:\/\/api.w.org\/{rel}","templated":true}]}}