{"id":9927,"date":"2025-06-03T13:07:40","date_gmt":"2025-06-03T11:07:40","guid":{"rendered":"https:\/\/2025laulupidu.100kingitust.ee\/esto-2025-black-t-shirt\/"},"modified":"2025-07-17T13:42:00","modified_gmt":"2025-07-17T11:42:00","slug":"esto-2025-black-t-shirt","status":"publish","type":"product","link":"https:\/\/2025laulupidu.100kingitust.ee\/en\/esto-2025-black-t-shirt\/","title":{"rendered":"ESTO 2025 black T-shirt"},"content":{"rendered":"<p>ESTO 2025 Black T-Shirt \u2013 Perfect for Summer Days<\/p>\n<p>This unisex model fits both men and women comfortably, offering a classic and practical choice that\u2019s easy to pair with any outfit. Made from 100% cotton, it delivers breathability and softness \u2013 ideal for both everyday wear and special occasions.<\/p>\n<p>Fit: Unisex \u2013 suitable for both men and women<br \/>\nColor: Black<br \/>\nMaterial: 100% cotton \u2013 soft and breathable<br \/>\nA comfortable cut for daily wear and festive moments alike<\/p>\n<p>About ESTO 2025:<br \/>\nESTO is a worldwide Estonian cultural festival that unites Estonians from across the globe in celebration of their heritage. Through music, dance, and shared traditions, ESTO 2025 continues to strengthen community ties and cultural pride, bringing generations together in honor of Estonian identity.<\/p>\n","protected":false},"excerpt":{"rendered":"ESTO 2025 Black T-Shirt \u2013 Perfect for Summer Days This unisex model fits both men and women comfortably, offering a classic and practical choice that\u2019s easy to pair with any outfit. Made from 100% cotton, it delivers breathability and softness \u2013 ideal for both everyday wear and special occasions. Fit: Unisex \u2013 suitable for both [&hellip;]","protected":false},"featured_media":9692,"template":"","meta":{"_acf_changed":false},"product_cat":[258],"product_tag":[],"class_list":{"0":"post-9927","1":"product","2":"type-product","3":"status-publish","4":"has-post-thumbnail","6":"product_cat-esto-2025-en","8":"first","9":"instock","10":"taxable","11":"shipping-taxable","12":"purchasable","13":"product-type-variable"},"acf":[],"yoast_head":"<!-- This site is optimized with the Yoast SEO Premium plugin v20.9 (Yoast SEO v26.0) - https:\/\/yoast.com\/wordpress\/plugins\/seo\/ -->\n<title>ESTO 2025 black T-shirt | Song and Dance Celebration e-shop<\/title>\n<meta name=\"description\" content=\"The ESTO 2025 T-shirt is perfect for summer weather. Find ESTO 2025 souvenirs here!\" \/>\n<meta name=\"robots\" content=\"index, follow, max-snippet:-1, max-image-preview:large, max-video-preview:-1\" \/>\n<link rel=\"canonical\" href=\"https:\/\/2025laulupidu.100kingitust.ee\/en\/esto-2025-black-t-shirt\/\" \/>\n<meta property=\"og:locale\" content=\"en_US\" \/>\n<meta property=\"og:type\" content=\"article\" \/>\n<meta property=\"og:title\" content=\"ESTO 2025 black T-shirt | Song and Dance Celebration e-shop\" \/>\n<meta property=\"og:description\" content=\"Noorte Laulu- ja Tantsupeo meenepoest leiad peo s\u00e4rgid, pusad, meened, m\u00e4rgid! Saadame \u00fcle maailma!\" \/>\n<meta property=\"og:url\" content=\"https:\/\/2025laulupidu.100kingitust.ee\/en\/esto-2025-black-t-shirt\/\" \/>\n<meta property=\"og:site_name\" content=\"Song and Dance Celebration e-shop\" \/>\n<meta property=\"article:publisher\" content=\"https:\/\/www.facebook.com\/100kingitust\" \/>\n<meta property=\"article:modified_time\" content=\"2025-07-17T11:42:00+00:00\" \/>\n<meta property=\"og:image\" content=\"https:\/\/2025laulupidu.100kingitust.ee\/wp-content\/uploads\/2025\/06\/ESTO-2025-black-t-shirt.png\" \/>\n\t<meta property=\"og:image:width\" content=\"1000\" \/>\n\t<meta property=\"og:image:height\" content=\"1000\" \/>\n\t<meta property=\"og:image:type\" content=\"image\/png\" \/>\n<meta name=\"twitter:card\" content=\"summary_large_image\" \/>\n<meta name=\"twitter:label1\" content=\"Est. reading time\" \/>\n\t<meta name=\"twitter:data1\" content=\"1 minute\" \/>\n<script type=\"application\/ld+json\" class=\"yoast-schema-graph\">{\"@context\":\"https:\/\/schema.org\",\"@graph\":[{\"@type\":\"WebPage\",\"@id\":\"https:\/\/2025laulupidu.100kingitust.ee\/en\/esto-2025-black-t-shirt\/\",\"url\":\"https:\/\/2025laulupidu.100kingitust.ee\/en\/esto-2025-black-t-shirt\/\",\"name\":\"ESTO 2025 black T-shirt | Song and Dance Celebration e-shop\",\"isPartOf\":{\"@id\":\"https:\/\/2025laulupidu.100kingitust.ee\/en\/#website\"},\"primaryImageOfPage\":{\"@id\":\"https:\/\/2025laulupidu.100kingitust.ee\/en\/esto-2025-black-t-shirt\/#primaryimage\"},\"image\":{\"@id\":\"https:\/\/2025laulupidu.100kingitust.ee\/en\/esto-2025-black-t-shirt\/#primaryimage\"},\"thumbnailUrl\":\"https:\/\/2025laulupidu.100kingitust.ee\/wp-content\/uploads\/2025\/06\/ESTO-2025-black-t-shirt.png\",\"datePublished\":\"2025-06-03T11:07:40+00:00\",\"dateModified\":\"2025-07-17T11:42:00+00:00\",\"description\":\"The ESTO 2025 T-shirt is perfect for summer weather. Find ESTO 2025 souvenirs here!\",\"breadcrumb\":{\"@id\":\"https:\/\/2025laulupidu.100kingitust.ee\/en\/esto-2025-black-t-shirt\/#breadcrumb\"},\"inLanguage\":\"en-US\",\"potentialAction\":[{\"@type\":\"ReadAction\",\"target\":[\"https:\/\/2025laulupidu.100kingitust.ee\/en\/esto-2025-black-t-shirt\/\"]}]},{\"@type\":\"ImageObject\",\"inLanguage\":\"en-US\",\"@id\":\"https:\/\/2025laulupidu.100kingitust.ee\/en\/esto-2025-black-t-shirt\/#primaryimage\",\"url\":\"https:\/\/2025laulupidu.100kingitust.ee\/wp-content\/uploads\/2025\/06\/ESTO-2025-black-t-shirt.png\",\"contentUrl\":\"https:\/\/2025laulupidu.100kingitust.ee\/wp-content\/uploads\/2025\/06\/ESTO-2025-black-t-shirt.png\",\"width\":1000,\"height\":1000,\"caption\":\"Esto 2025 black t-shirt\"},{\"@type\":\"BreadcrumbList\",\"@id\":\"https:\/\/2025laulupidu.100kingitust.ee\/en\/esto-2025-black-t-shirt\/#breadcrumb\",\"itemListElement\":[{\"@type\":\"ListItem\",\"position\":1,\"name\":\"Esileht\",\"item\":\"https:\/\/2025laulupidu.100kingitust.ee\/en\/\"},{\"@type\":\"ListItem\",\"position\":2,\"name\":\"Shop\",\"item\":\"https:\/\/2025laulupidu.100kingitust.ee\/en\/shop\/\"},{\"@type\":\"ListItem\",\"position\":3,\"name\":\"ESTO 2025 black T-shirt\"}]},{\"@type\":\"WebSite\",\"@id\":\"https:\/\/2025laulupidu.100kingitust.ee\/en\/#website\",\"url\":\"https:\/\/2025laulupidu.100kingitust.ee\/en\/\",\"name\":\"Iseoma Laulu- ja tantsupeo meenepood\",\"description\":\"XIII Youth Song and Dance Celebration webshop\",\"publisher\":{\"@id\":\"https:\/\/2025laulupidu.100kingitust.ee\/en\/#organization\"},\"alternateName\":\"2025 Noorte Laulu- ja Tantsupeo meenepood\",\"potentialAction\":[{\"@type\":\"SearchAction\",\"target\":{\"@type\":\"EntryPoint\",\"urlTemplate\":\"https:\/\/2025laulupidu.100kingitust.ee\/en\/?s={search_term_string}\"},\"query-input\":{\"@type\":\"PropertyValueSpecification\",\"valueRequired\":true,\"valueName\":\"search_term_string\"}}],\"inLanguage\":\"en-US\"},{\"@type\":\"Organization\",\"@id\":\"https:\/\/2025laulupidu.100kingitust.ee\/en\/#organization\",\"name\":\"Meremuuseumi e-pood\",\"alternateName\":\"Laulu- ja Tantsupeo SA\",\"url\":\"https:\/\/2025laulupidu.100kingitust.ee\/en\/\",\"logo\":{\"@type\":\"ImageObject\",\"inLanguage\":\"en-US\",\"@id\":\"https:\/\/2025laulupidu.100kingitust.ee\/en\/#\/schema\/logo\/image\/\",\"url\":\"https:\/\/2025laulupidu.100kingitust.ee\/wp-content\/uploads\/2024\/09\/logo-new.png\",\"contentUrl\":\"https:\/\/2025laulupidu.100kingitust.ee\/wp-content\/uploads\/2024\/09\/logo-new.png\",\"width\":455,\"height\":186,\"caption\":\"Meremuuseumi e-pood\"},\"image\":{\"@id\":\"https:\/\/2025laulupidu.100kingitust.ee\/en\/#\/schema\/logo\/image\/\"},\"sameAs\":[\"https:\/\/www.facebook.com\/100kingitust\"]}]}<\/script>\n<!-- \/ Yoast SEO Premium plugin. -->","yoast_head_json":{"title":"ESTO 2025 black T-shirt | Song and Dance Celebration e-shop","description":"The ESTO 2025 T-shirt is perfect for summer weather. Find ESTO 2025 souvenirs here!","robots":{"index":"index","follow":"follow","max-snippet":"max-snippet:-1","max-image-preview":"max-image-preview:large","max-video-preview":"max-video-preview:-1"},"canonical":"https:\/\/2025laulupidu.100kingitust.ee\/en\/esto-2025-black-t-shirt\/","og_locale":"en_US","og_type":"article","og_title":"ESTO 2025 black T-shirt | Song and Dance Celebration e-shop","og_description":"Noorte Laulu- ja Tantsupeo meenepoest leiad peo s\u00e4rgid, pusad, meened, m\u00e4rgid! Saadame \u00fcle maailma!","og_url":"https:\/\/2025laulupidu.100kingitust.ee\/en\/esto-2025-black-t-shirt\/","og_site_name":"Song and Dance Celebration e-shop","article_publisher":"https:\/\/www.facebook.com\/100kingitust","article_modified_time":"2025-07-17T11:42:00+00:00","og_image":[{"width":1000,"height":1000,"url":"https:\/\/2025laulupidu.100kingitust.ee\/wp-content\/uploads\/2025\/06\/ESTO-2025-black-t-shirt.png","type":"image\/png"}],"twitter_card":"summary_large_image","twitter_misc":{"Est. reading time":"1 minute"},"schema":{"@context":"https:\/\/schema.org","@graph":[{"@type":"WebPage","@id":"https:\/\/2025laulupidu.100kingitust.ee\/en\/esto-2025-black-t-shirt\/","url":"https:\/\/2025laulupidu.100kingitust.ee\/en\/esto-2025-black-t-shirt\/","name":"ESTO 2025 black T-shirt | Song and Dance Celebration e-shop","isPartOf":{"@id":"https:\/\/2025laulupidu.100kingitust.ee\/en\/#website"},"primaryImageOfPage":{"@id":"https:\/\/2025laulupidu.100kingitust.ee\/en\/esto-2025-black-t-shirt\/#primaryimage"},"image":{"@id":"https:\/\/2025laulupidu.100kingitust.ee\/en\/esto-2025-black-t-shirt\/#primaryimage"},"thumbnailUrl":"https:\/\/2025laulupidu.100kingitust.ee\/wp-content\/uploads\/2025\/06\/ESTO-2025-black-t-shirt.png","datePublished":"2025-06-03T11:07:40+00:00","dateModified":"2025-07-17T11:42:00+00:00","description":"The ESTO 2025 T-shirt is perfect for summer weather. Find ESTO 2025 souvenirs here!","breadcrumb":{"@id":"https:\/\/2025laulupidu.100kingitust.ee\/en\/esto-2025-black-t-shirt\/#breadcrumb"},"inLanguage":"en-US","potentialAction":[{"@type":"ReadAction","target":["https:\/\/2025laulupidu.100kingitust.ee\/en\/esto-2025-black-t-shirt\/"]}]},{"@type":"ImageObject","inLanguage":"en-US","@id":"https:\/\/2025laulupidu.100kingitust.ee\/en\/esto-2025-black-t-shirt\/#primaryimage","url":"https:\/\/2025laulupidu.100kingitust.ee\/wp-content\/uploads\/2025\/06\/ESTO-2025-black-t-shirt.png","contentUrl":"https:\/\/2025laulupidu.100kingitust.ee\/wp-content\/uploads\/2025\/06\/ESTO-2025-black-t-shirt.png","width":1000,"height":1000,"caption":"Esto 2025 black t-shirt"},{"@type":"BreadcrumbList","@id":"https:\/\/2025laulupidu.100kingitust.ee\/en\/esto-2025-black-t-shirt\/#breadcrumb","itemListElement":[{"@type":"ListItem","position":1,"name":"Esileht","item":"https:\/\/2025laulupidu.100kingitust.ee\/en\/"},{"@type":"ListItem","position":2,"name":"Shop","item":"https:\/\/2025laulupidu.100kingitust.ee\/en\/shop\/"},{"@type":"ListItem","position":3,"name":"ESTO 2025 black T-shirt"}]},{"@type":"WebSite","@id":"https:\/\/2025laulupidu.100kingitust.ee\/en\/#website","url":"https:\/\/2025laulupidu.100kingitust.ee\/en\/","name":"Iseoma Laulu- ja tantsupeo meenepood","description":"XIII Youth Song and Dance Celebration webshop","publisher":{"@id":"https:\/\/2025laulupidu.100kingitust.ee\/en\/#organization"},"alternateName":"2025 Noorte Laulu- ja Tantsupeo meenepood","potentialAction":[{"@type":"SearchAction","target":{"@type":"EntryPoint","urlTemplate":"https:\/\/2025laulupidu.100kingitust.ee\/en\/?s={search_term_string}"},"query-input":{"@type":"PropertyValueSpecification","valueRequired":true,"valueName":"search_term_string"}}],"inLanguage":"en-US"},{"@type":"Organization","@id":"https:\/\/2025laulupidu.100kingitust.ee\/en\/#organization","name":"Meremuuseumi e-pood","alternateName":"Laulu- ja Tantsupeo SA","url":"https:\/\/2025laulupidu.100kingitust.ee\/en\/","logo":{"@type":"ImageObject","inLanguage":"en-US","@id":"https:\/\/2025laulupidu.100kingitust.ee\/en\/#\/schema\/logo\/image\/","url":"https:\/\/2025laulupidu.100kingitust.ee\/wp-content\/uploads\/2024\/09\/logo-new.png","contentUrl":"https:\/\/2025laulupidu.100kingitust.ee\/wp-content\/uploads\/2024\/09\/logo-new.png","width":455,"height":186,"caption":"Meremuuseumi e-pood"},"image":{"@id":"https:\/\/2025laulupidu.100kingitust.ee\/en\/#\/schema\/logo\/image\/"},"sameAs":["https:\/\/www.facebook.com\/100kingitust"]}]}},"_links":{"self":[{"href":"https:\/\/2025laulupidu.100kingitust.ee\/en\/wp-json\/wp\/v2\/product\/9927","targetHints":{"allow":["GET"]}}],"collection":[{"href":"https:\/\/2025laulupidu.100kingitust.ee\/en\/wp-json\/wp\/v2\/product"}],"about":[{"href":"https:\/\/2025laulupidu.100kingitust.ee\/en\/wp-json\/wp\/v2\/types\/product"}],"wp:featuredmedia":[{"embeddable":true,"href":"https:\/\/2025laulupidu.100kingitust.ee\/en\/wp-json\/wp\/v2\/media\/9692"}],"wp:attachment":[{"href":"https:\/\/2025laulupidu.100kingitust.ee\/en\/wp-json\/wp\/v2\/media?parent=9927"}],"wp:term":[{"taxonomy":"product_cat","embeddable":true,"href":"https:\/\/2025laulupidu.100kingitust.ee\/en\/wp-json\/wp\/v2\/product_cat?post=9927"},{"taxonomy":"product_tag","embeddable":true,"href":"https:\/\/2025laulupidu.100kingitust.ee\/en\/wp-json\/wp\/v2\/product_tag?post=9927"}],"curies":[{"name":"wp","href":"https:\/\/api.w.org\/{rel}","templated":true}]}}